{"id":7708,"date":"2023-09-06T10:16:49","date_gmt":"2023-09-06T08:16:49","guid":{"rendered":"https:\/\/agrol-moto.pl\/produkt\/silo-verdichtungswalze-inter-tech\/"},"modified":"2023-09-06T10:16:49","modified_gmt":"2023-09-06T08:16:49","slug":"silo-verdichtungswalze-inter-tech","status":"publish","type":"product","link":"https:\/\/agrol-moto.pl\/de\/produkt\/silo-verdichtungswalze-inter-tech\/","title":{"rendered":"Silo Verdichtungswalze Inter-Tech"},"content":{"rendered":"","protected":false},"excerpt":{"rendered":"<p>Sein langlebiges und kompaktes Design beeinflusst die Nutzungsdauer. Der hydraulisch gesteuerte Reifenverdichter sorgt f\u00fcr eine intensive, tiefe und gleichm\u00e4\u00dfige Verdichtung der Gr\u00fcnmasse.<\/p>\n","protected":false},"featured_media":10447,"template":"","meta":{"_acf_changed":false,"inline_featured_image":false},"product_brand":[],"product_cat":[208],"product_tag":[],"class_list":{"0":"post-7708","1":"product","2":"type-product","3":"status-publish","4":"has-post-thumbnail","6":"product_cat-landwirtschaftliche-maschinen","7":"pa_producent-inter-tech-de","9":"first","10":"instock","11":"sale","12":"taxable","13":"shipping-taxable","14":"purchasable","15":"product-type-simple"},"acf":[],"yoast_head":"<!-- This site is optimized with the Yoast SEO plugin v26.8 - https:\/\/yoast.com\/product\/yoast-seo-wordpress\/ -->\n<title>Silo Verdichtungswalze Inter-Tech - Agrol<\/title>\n<meta name=\"description\" content=\"Silo Verdichtungswalze Inter-Tech ist die perfekte L\u00f6sung f\u00fcr Betriebe, die Futter in Lagerbest\u00e4nden und Silos konservieren.\" \/>\n<meta name=\"robots\" content=\"index, follow, max-snippet:-1, max-image-preview:large, max-video-preview:-1\" \/>\n<link rel=\"canonical\" href=\"https:\/\/agrol-moto.pl\/de\/produkt\/silo-verdichtungswalze-inter-tech\/\" \/>\n<meta property=\"og:locale\" content=\"de_DE\" \/>\n<meta property=\"og:type\" content=\"article\" \/>\n<meta property=\"og:title\" content=\"Silo Verdichtungswalze Inter-Tech - Agrol\" \/>\n<meta property=\"og:description\" content=\"Silo Verdichtungswalze Inter-Tech ist die perfekte L\u00f6sung f\u00fcr Betriebe, die Futter in Lagerbest\u00e4nden und Silos konservieren.\" \/>\n<meta property=\"og:url\" content=\"https:\/\/agrol-moto.pl\/de\/produkt\/silo-verdichtungswalze-inter-tech\/\" \/>\n<meta property=\"og:site_name\" content=\"Agrol\" \/>\n<meta property=\"article:publisher\" content=\"https:\/\/www.facebook.com\/pphuagrol\" \/>\n<meta property=\"og:image\" content=\"https:\/\/agrol-moto.pl\/wp-content\/uploads\/2023\/09\/INTER-TECH-wal-dogniatajacy-render.jpg\" \/>\n\t<meta property=\"og:image:width\" content=\"1500\" \/>\n\t<meta property=\"og:image:height\" content=\"1500\" \/>\n\t<meta property=\"og:image:type\" content=\"image\/jpeg\" \/>\n<meta name=\"twitter:card\" content=\"summary_large_image\" \/>\n<script type=\"application\/ld+json\" class=\"yoast-schema-graph\">{\"@context\":\"https:\/\/schema.org\",\"@graph\":[{\"@type\":\"WebPage\",\"@id\":\"https:\/\/agrol-moto.pl\/de\/produkt\/silo-verdichtungswalze-inter-tech\/\",\"url\":\"https:\/\/agrol-moto.pl\/de\/produkt\/silo-verdichtungswalze-inter-tech\/\",\"name\":\"Silo Verdichtungswalze Inter-Tech - Agrol\",\"isPartOf\":{\"@id\":\"https:\/\/agrol-moto.pl\/#website\"},\"primaryImageOfPage\":{\"@id\":\"https:\/\/agrol-moto.pl\/de\/produkt\/silo-verdichtungswalze-inter-tech\/#primaryimage\"},\"image\":{\"@id\":\"https:\/\/agrol-moto.pl\/de\/produkt\/silo-verdichtungswalze-inter-tech\/#primaryimage\"},\"thumbnailUrl\":\"https:\/\/agrol-moto.pl\/wp-content\/uploads\/2023\/09\/wal-dogniatajacy-scaled.jpg\",\"datePublished\":\"2023-09-06T08:16:49+00:00\",\"description\":\"Silo Verdichtungswalze Inter-Tech ist die perfekte L\u00f6sung f\u00fcr Betriebe, die Futter in Lagerbest\u00e4nden und Silos konservieren.\",\"breadcrumb\":{\"@id\":\"https:\/\/agrol-moto.pl\/de\/produkt\/silo-verdichtungswalze-inter-tech\/#breadcrumb\"},\"inLanguage\":\"de\",\"potentialAction\":[{\"@type\":\"ReadAction\",\"target\":[\"https:\/\/agrol-moto.pl\/de\/produkt\/silo-verdichtungswalze-inter-tech\/\"]}]},{\"@type\":\"ImageObject\",\"inLanguage\":\"de\",\"@id\":\"https:\/\/agrol-moto.pl\/de\/produkt\/silo-verdichtungswalze-inter-tech\/#primaryimage\",\"url\":\"https:\/\/agrol-moto.pl\/wp-content\/uploads\/2023\/09\/wal-dogniatajacy-scaled.jpg\",\"contentUrl\":\"https:\/\/agrol-moto.pl\/wp-content\/uploads\/2023\/09\/wal-dogniatajacy-scaled.jpg\",\"width\":2560,\"height\":1920},{\"@type\":\"BreadcrumbList\",\"@id\":\"https:\/\/agrol-moto.pl\/de\/produkt\/silo-verdichtungswalze-inter-tech\/#breadcrumb\",\"itemListElement\":[{\"@type\":\"ListItem\",\"position\":1,\"name\":\"Strona g\u0142\u00f3wna\",\"item\":\"https:\/\/agrol-moto.pl\/de\/\"},{\"@type\":\"ListItem\",\"position\":2,\"name\":\"Produkte\",\"item\":\"https:\/\/agrol-moto.pl\/de\/produkte\/\"},{\"@type\":\"ListItem\",\"position\":3,\"name\":\"Silo Verdichtungswalze Inter-Tech\"}]},{\"@type\":\"WebSite\",\"@id\":\"https:\/\/agrol-moto.pl\/#website\",\"url\":\"https:\/\/agrol-moto.pl\/\",\"name\":\"Agrol\",\"description\":\"\",\"potentialAction\":[{\"@type\":\"SearchAction\",\"target\":{\"@type\":\"EntryPoint\",\"urlTemplate\":\"https:\/\/agrol-moto.pl\/?s={search_term_string}\"},\"query-input\":{\"@type\":\"PropertyValueSpecification\",\"valueRequired\":true,\"valueName\":\"search_term_string\"}}],\"inLanguage\":\"de\"}]}<\/script>\n<!-- \/ Yoast SEO plugin. -->","yoast_head_json":{"title":"Silo Verdichtungswalze Inter-Tech - Agrol","description":"Silo Verdichtungswalze Inter-Tech ist die perfekte L\u00f6sung f\u00fcr Betriebe, die Futter in Lagerbest\u00e4nden und Silos konservieren.","robots":{"index":"index","follow":"follow","max-snippet":"max-snippet:-1","max-image-preview":"max-image-preview:large","max-video-preview":"max-video-preview:-1"},"canonical":"https:\/\/agrol-moto.pl\/de\/produkt\/silo-verdichtungswalze-inter-tech\/","og_locale":"de_DE","og_type":"article","og_title":"Silo Verdichtungswalze Inter-Tech - Agrol","og_description":"Silo Verdichtungswalze Inter-Tech ist die perfekte L\u00f6sung f\u00fcr Betriebe, die Futter in Lagerbest\u00e4nden und Silos konservieren.","og_url":"https:\/\/agrol-moto.pl\/de\/produkt\/silo-verdichtungswalze-inter-tech\/","og_site_name":"Agrol","article_publisher":"https:\/\/www.facebook.com\/pphuagrol","og_image":[{"width":1500,"height":1500,"url":"https:\/\/agrol-moto.pl\/wp-content\/uploads\/2023\/09\/INTER-TECH-wal-dogniatajacy-render.jpg","type":"image\/jpeg"}],"twitter_card":"summary_large_image","schema":{"@context":"https:\/\/schema.org","@graph":[{"@type":"WebPage","@id":"https:\/\/agrol-moto.pl\/de\/produkt\/silo-verdichtungswalze-inter-tech\/","url":"https:\/\/agrol-moto.pl\/de\/produkt\/silo-verdichtungswalze-inter-tech\/","name":"Silo Verdichtungswalze Inter-Tech - Agrol","isPartOf":{"@id":"https:\/\/agrol-moto.pl\/#website"},"primaryImageOfPage":{"@id":"https:\/\/agrol-moto.pl\/de\/produkt\/silo-verdichtungswalze-inter-tech\/#primaryimage"},"image":{"@id":"https:\/\/agrol-moto.pl\/de\/produkt\/silo-verdichtungswalze-inter-tech\/#primaryimage"},"thumbnailUrl":"https:\/\/agrol-moto.pl\/wp-content\/uploads\/2023\/09\/wal-dogniatajacy-scaled.jpg","datePublished":"2023-09-06T08:16:49+00:00","description":"Silo Verdichtungswalze Inter-Tech ist die perfekte L\u00f6sung f\u00fcr Betriebe, die Futter in Lagerbest\u00e4nden und Silos konservieren.","breadcrumb":{"@id":"https:\/\/agrol-moto.pl\/de\/produkt\/silo-verdichtungswalze-inter-tech\/#breadcrumb"},"inLanguage":"de","potentialAction":[{"@type":"ReadAction","target":["https:\/\/agrol-moto.pl\/de\/produkt\/silo-verdichtungswalze-inter-tech\/"]}]},{"@type":"ImageObject","inLanguage":"de","@id":"https:\/\/agrol-moto.pl\/de\/produkt\/silo-verdichtungswalze-inter-tech\/#primaryimage","url":"https:\/\/agrol-moto.pl\/wp-content\/uploads\/2023\/09\/wal-dogniatajacy-scaled.jpg","contentUrl":"https:\/\/agrol-moto.pl\/wp-content\/uploads\/2023\/09\/wal-dogniatajacy-scaled.jpg","width":2560,"height":1920},{"@type":"BreadcrumbList","@id":"https:\/\/agrol-moto.pl\/de\/produkt\/silo-verdichtungswalze-inter-tech\/#breadcrumb","itemListElement":[{"@type":"ListItem","position":1,"name":"Strona g\u0142\u00f3wna","item":"https:\/\/agrol-moto.pl\/de\/"},{"@type":"ListItem","position":2,"name":"Produkte","item":"https:\/\/agrol-moto.pl\/de\/produkte\/"},{"@type":"ListItem","position":3,"name":"Silo Verdichtungswalze Inter-Tech"}]},{"@type":"WebSite","@id":"https:\/\/agrol-moto.pl\/#website","url":"https:\/\/agrol-moto.pl\/","name":"Agrol","description":"","potentialAction":[{"@type":"SearchAction","target":{"@type":"EntryPoint","urlTemplate":"https:\/\/agrol-moto.pl\/?s={search_term_string}"},"query-input":{"@type":"PropertyValueSpecification","valueRequired":true,"valueName":"search_term_string"}}],"inLanguage":"de"}]}},"_links":{"self":[{"href":"https:\/\/agrol-moto.pl\/de\/wp-json\/wp\/v2\/product\/7708","targetHints":{"allow":["GET"]}}],"collection":[{"href":"https:\/\/agrol-moto.pl\/de\/wp-json\/wp\/v2\/product"}],"about":[{"href":"https:\/\/agrol-moto.pl\/de\/wp-json\/wp\/v2\/types\/product"}],"wp:featuredmedia":[{"embeddable":true,"href":"https:\/\/agrol-moto.pl\/de\/wp-json\/wp\/v2\/media\/10447"}],"wp:attachment":[{"href":"https:\/\/agrol-moto.pl\/de\/wp-json\/wp\/v2\/media?parent=7708"}],"wp:term":[{"taxonomy":"product_brand","embeddable":true,"href":"https:\/\/agrol-moto.pl\/de\/wp-json\/wp\/v2\/product_brand?post=7708"},{"taxonomy":"product_cat","embeddable":true,"href":"https:\/\/agrol-moto.pl\/de\/wp-json\/wp\/v2\/product_cat?post=7708"},{"taxonomy":"product_tag","embeddable":true,"href":"https:\/\/agrol-moto.pl\/de\/wp-json\/wp\/v2\/product_tag?post=7708"}],"curies":[{"name":"wp","href":"https:\/\/api.w.org\/{rel}","templated":true}]}}