{"id":6903,"date":"2023-04-06T14:20:21","date_gmt":"2023-04-06T12:20:21","guid":{"rendered":"https:\/\/agrol-moto.pl\/produkt\/anhanger-pronar-t700m-1\/"},"modified":"2023-04-06T14:20:21","modified_gmt":"2023-04-06T12:20:21","slug":"anhanger-pronar-t700m-1","status":"publish","type":"product","link":"https:\/\/agrol-moto.pl\/de\/produkt\/anhanger-pronar-t700m-1\/","title":{"rendered":"Anh\u00e4nger PRONAR T700M\/1"},"content":{"rendered":"","protected":false},"excerpt":{"rendered":"<p>Der Muldenkipper T700M\/1 wird unter anderem beim Transport von Getreide, Hackfr\u00fcchte und Gr\u00fcnfutter eingesetzt. Er unterscheidet sich von anderen Modellen durch die M\u00f6glichkeit, sowohl nach hinten als auch nach links oder rechts zu kippen.<\/p>\n","protected":false},"featured_media":6871,"template":"","meta":{"_acf_changed":false,"inline_featured_image":false},"product_brand":[],"product_cat":[208,248],"product_tag":[],"class_list":{"0":"post-6903","1":"product","2":"type-product","3":"status-publish","4":"has-post-thumbnail","6":"product_cat-landwirtschaftliche-maschinen","7":"product_cat-shell-anhanger","8":"pa_producent-pronar-de","10":"first","11":"onbackorder","12":"taxable","13":"shipping-taxable","14":"purchasable","15":"product-type-simple"},"acf":[],"yoast_head":"<!-- This site is optimized with the Yoast SEO plugin v26.8 - https:\/\/yoast.com\/product\/yoast-seo-wordpress\/ -->\n<title>Anh\u00e4nger PRONAR T700M\/1 - Agrol<\/title>\n<meta name=\"description\" content=\"Der Monocoque-Anh\u00e4nger T700M\/1 wird beim Transport von Getreide, Hackfr\u00fcchten und Gr\u00fcnfutter eingesetzt. M\u00f6glichkeit des Zur\u00fcckkippens auf die linke oder rechte Seite.\" \/>\n<meta name=\"robots\" content=\"index, follow, max-snippet:-1, max-image-preview:large, max-video-preview:-1\" \/>\n<link rel=\"canonical\" href=\"https:\/\/agrol-moto.pl\/de\/produkt\/anhanger-pronar-t700m-1\/\" \/>\n<meta property=\"og:locale\" content=\"de_DE\" \/>\n<meta property=\"og:type\" content=\"article\" \/>\n<meta property=\"og:title\" content=\"Anh\u00e4nger PRONAR T700M\/1 - Agrol\" \/>\n<meta property=\"og:description\" content=\"Der Monocoque-Anh\u00e4nger T700M\/1 wird beim Transport von Getreide, Hackfr\u00fcchten und Gr\u00fcnfutter eingesetzt. M\u00f6glichkeit des Zur\u00fcckkippens auf die linke oder rechte Seite.\" \/>\n<meta property=\"og:url\" content=\"https:\/\/agrol-moto.pl\/de\/produkt\/anhanger-pronar-t700m-1\/\" \/>\n<meta property=\"og:site_name\" content=\"Agrol\" \/>\n<meta property=\"article:publisher\" content=\"https:\/\/www.facebook.com\/pphuagrol\" \/>\n<meta property=\"og:image\" content=\"https:\/\/agrol-moto.pl\/wp-content\/uploads\/2023\/04\/IMG_5336-scaled.jpg\" \/>\n\t<meta property=\"og:image:width\" content=\"2560\" \/>\n\t<meta property=\"og:image:height\" content=\"1920\" \/>\n\t<meta property=\"og:image:type\" content=\"image\/jpeg\" \/>\n<meta name=\"twitter:card\" content=\"summary_large_image\" \/>\n<script type=\"application\/ld+json\" class=\"yoast-schema-graph\">{\"@context\":\"https:\/\/schema.org\",\"@graph\":[{\"@type\":\"WebPage\",\"@id\":\"https:\/\/agrol-moto.pl\/de\/produkt\/anhanger-pronar-t700m-1\/\",\"url\":\"https:\/\/agrol-moto.pl\/de\/produkt\/anhanger-pronar-t700m-1\/\",\"name\":\"Anh\u00e4nger PRONAR T700M\/1 - Agrol\",\"isPartOf\":{\"@id\":\"https:\/\/agrol-moto.pl\/#website\"},\"primaryImageOfPage\":{\"@id\":\"https:\/\/agrol-moto.pl\/de\/produkt\/anhanger-pronar-t700m-1\/#primaryimage\"},\"image\":{\"@id\":\"https:\/\/agrol-moto.pl\/de\/produkt\/anhanger-pronar-t700m-1\/#primaryimage\"},\"thumbnailUrl\":\"https:\/\/agrol-moto.pl\/wp-content\/uploads\/2023\/04\/IMG_5336-scaled.jpg\",\"datePublished\":\"2023-04-06T12:20:21+00:00\",\"description\":\"Der Monocoque-Anh\u00e4nger T700M\/1 wird beim Transport von Getreide, Hackfr\u00fcchten und Gr\u00fcnfutter eingesetzt. M\u00f6glichkeit des Zur\u00fcckkippens auf die linke oder rechte Seite.\",\"breadcrumb\":{\"@id\":\"https:\/\/agrol-moto.pl\/de\/produkt\/anhanger-pronar-t700m-1\/#breadcrumb\"},\"inLanguage\":\"de\",\"potentialAction\":[{\"@type\":\"ReadAction\",\"target\":[\"https:\/\/agrol-moto.pl\/de\/produkt\/anhanger-pronar-t700m-1\/\"]}]},{\"@type\":\"ImageObject\",\"inLanguage\":\"de\",\"@id\":\"https:\/\/agrol-moto.pl\/de\/produkt\/anhanger-pronar-t700m-1\/#primaryimage\",\"url\":\"https:\/\/agrol-moto.pl\/wp-content\/uploads\/2023\/04\/IMG_5336-scaled.jpg\",\"contentUrl\":\"https:\/\/agrol-moto.pl\/wp-content\/uploads\/2023\/04\/IMG_5336-scaled.jpg\",\"width\":2560,\"height\":1920,\"caption\":\"Przyczepa skorupowa PRONAR T700M\/1\"},{\"@type\":\"BreadcrumbList\",\"@id\":\"https:\/\/agrol-moto.pl\/de\/produkt\/anhanger-pronar-t700m-1\/#breadcrumb\",\"itemListElement\":[{\"@type\":\"ListItem\",\"position\":1,\"name\":\"Strona g\u0142\u00f3wna\",\"item\":\"https:\/\/agrol-moto.pl\/de\/\"},{\"@type\":\"ListItem\",\"position\":2,\"name\":\"Produkte\",\"item\":\"https:\/\/agrol-moto.pl\/de\/produkte\/\"},{\"@type\":\"ListItem\",\"position\":3,\"name\":\"Anh\u00e4nger PRONAR T700M\/1\"}]},{\"@type\":\"WebSite\",\"@id\":\"https:\/\/agrol-moto.pl\/#website\",\"url\":\"https:\/\/agrol-moto.pl\/\",\"name\":\"Agrol\",\"description\":\"\",\"potentialAction\":[{\"@type\":\"SearchAction\",\"target\":{\"@type\":\"EntryPoint\",\"urlTemplate\":\"https:\/\/agrol-moto.pl\/?s={search_term_string}\"},\"query-input\":{\"@type\":\"PropertyValueSpecification\",\"valueRequired\":true,\"valueName\":\"search_term_string\"}}],\"inLanguage\":\"de\"}]}<\/script>\n<!-- \/ Yoast SEO plugin. -->","yoast_head_json":{"title":"Anh\u00e4nger PRONAR T700M\/1 - Agrol","description":"Der Monocoque-Anh\u00e4nger T700M\/1 wird beim Transport von Getreide, Hackfr\u00fcchten und Gr\u00fcnfutter eingesetzt. M\u00f6glichkeit des Zur\u00fcckkippens auf die linke oder rechte Seite.","robots":{"index":"index","follow":"follow","max-snippet":"max-snippet:-1","max-image-preview":"max-image-preview:large","max-video-preview":"max-video-preview:-1"},"canonical":"https:\/\/agrol-moto.pl\/de\/produkt\/anhanger-pronar-t700m-1\/","og_locale":"de_DE","og_type":"article","og_title":"Anh\u00e4nger PRONAR T700M\/1 - Agrol","og_description":"Der Monocoque-Anh\u00e4nger T700M\/1 wird beim Transport von Getreide, Hackfr\u00fcchten und Gr\u00fcnfutter eingesetzt. M\u00f6glichkeit des Zur\u00fcckkippens auf die linke oder rechte Seite.","og_url":"https:\/\/agrol-moto.pl\/de\/produkt\/anhanger-pronar-t700m-1\/","og_site_name":"Agrol","article_publisher":"https:\/\/www.facebook.com\/pphuagrol","og_image":[{"width":2560,"height":1920,"url":"https:\/\/agrol-moto.pl\/wp-content\/uploads\/2023\/04\/IMG_5336-scaled.jpg","type":"image\/jpeg"}],"twitter_card":"summary_large_image","schema":{"@context":"https:\/\/schema.org","@graph":[{"@type":"WebPage","@id":"https:\/\/agrol-moto.pl\/de\/produkt\/anhanger-pronar-t700m-1\/","url":"https:\/\/agrol-moto.pl\/de\/produkt\/anhanger-pronar-t700m-1\/","name":"Anh\u00e4nger PRONAR T700M\/1 - Agrol","isPartOf":{"@id":"https:\/\/agrol-moto.pl\/#website"},"primaryImageOfPage":{"@id":"https:\/\/agrol-moto.pl\/de\/produkt\/anhanger-pronar-t700m-1\/#primaryimage"},"image":{"@id":"https:\/\/agrol-moto.pl\/de\/produkt\/anhanger-pronar-t700m-1\/#primaryimage"},"thumbnailUrl":"https:\/\/agrol-moto.pl\/wp-content\/uploads\/2023\/04\/IMG_5336-scaled.jpg","datePublished":"2023-04-06T12:20:21+00:00","description":"Der Monocoque-Anh\u00e4nger T700M\/1 wird beim Transport von Getreide, Hackfr\u00fcchten und Gr\u00fcnfutter eingesetzt. M\u00f6glichkeit des Zur\u00fcckkippens auf die linke oder rechte Seite.","breadcrumb":{"@id":"https:\/\/agrol-moto.pl\/de\/produkt\/anhanger-pronar-t700m-1\/#breadcrumb"},"inLanguage":"de","potentialAction":[{"@type":"ReadAction","target":["https:\/\/agrol-moto.pl\/de\/produkt\/anhanger-pronar-t700m-1\/"]}]},{"@type":"ImageObject","inLanguage":"de","@id":"https:\/\/agrol-moto.pl\/de\/produkt\/anhanger-pronar-t700m-1\/#primaryimage","url":"https:\/\/agrol-moto.pl\/wp-content\/uploads\/2023\/04\/IMG_5336-scaled.jpg","contentUrl":"https:\/\/agrol-moto.pl\/wp-content\/uploads\/2023\/04\/IMG_5336-scaled.jpg","width":2560,"height":1920,"caption":"Przyczepa skorupowa PRONAR T700M\/1"},{"@type":"BreadcrumbList","@id":"https:\/\/agrol-moto.pl\/de\/produkt\/anhanger-pronar-t700m-1\/#breadcrumb","itemListElement":[{"@type":"ListItem","position":1,"name":"Strona g\u0142\u00f3wna","item":"https:\/\/agrol-moto.pl\/de\/"},{"@type":"ListItem","position":2,"name":"Produkte","item":"https:\/\/agrol-moto.pl\/de\/produkte\/"},{"@type":"ListItem","position":3,"name":"Anh\u00e4nger PRONAR T700M\/1"}]},{"@type":"WebSite","@id":"https:\/\/agrol-moto.pl\/#website","url":"https:\/\/agrol-moto.pl\/","name":"Agrol","description":"","potentialAction":[{"@type":"SearchAction","target":{"@type":"EntryPoint","urlTemplate":"https:\/\/agrol-moto.pl\/?s={search_term_string}"},"query-input":{"@type":"PropertyValueSpecification","valueRequired":true,"valueName":"search_term_string"}}],"inLanguage":"de"}]}},"_links":{"self":[{"href":"https:\/\/agrol-moto.pl\/de\/wp-json\/wp\/v2\/product\/6903","targetHints":{"allow":["GET"]}}],"collection":[{"href":"https:\/\/agrol-moto.pl\/de\/wp-json\/wp\/v2\/product"}],"about":[{"href":"https:\/\/agrol-moto.pl\/de\/wp-json\/wp\/v2\/types\/product"}],"wp:featuredmedia":[{"embeddable":true,"href":"https:\/\/agrol-moto.pl\/de\/wp-json\/wp\/v2\/media\/6871"}],"wp:attachment":[{"href":"https:\/\/agrol-moto.pl\/de\/wp-json\/wp\/v2\/media?parent=6903"}],"wp:term":[{"taxonomy":"product_brand","embeddable":true,"href":"https:\/\/agrol-moto.pl\/de\/wp-json\/wp\/v2\/product_brand?post=6903"},{"taxonomy":"product_cat","embeddable":true,"href":"https:\/\/agrol-moto.pl\/de\/wp-json\/wp\/v2\/product_cat?post=6903"},{"taxonomy":"product_tag","embeddable":true,"href":"https:\/\/agrol-moto.pl\/de\/wp-json\/wp\/v2\/product_tag?post=6903"}],"curies":[{"name":"wp","href":"https:\/\/api.w.org\/{rel}","templated":true}]}}