{"id":6901,"date":"2023-04-06T13:11:06","date_gmt":"2023-04-06T11:11:06","guid":{"rendered":"https:\/\/agrol-moto.pl\/produkt\/anhanger-pronar-t780\/"},"modified":"2023-04-06T13:11:06","modified_gmt":"2023-04-06T11:11:06","slug":"anhanger-pronar-t780","status":"publish","type":"product","link":"https:\/\/agrol-moto.pl\/de\/produkt\/anhanger-pronar-t780\/","title":{"rendered":"Anh\u00e4nger PRONAR T780"},"content":{"rendered":"","protected":false},"excerpt":{"rendered":"<p>Ein spezieller 3-achsiger Anh\u00e4nger T780 mit hoher Kapazit\u00e4t und Tragf\u00e4higkeit (26m3) gew\u00e4hrleistet kosteng\u00fcnstigen Transport und Senkung der Produktionskosten.<\/p>\n","protected":false},"featured_media":13784,"template":"","meta":{"_acf_changed":false,"inline_featured_image":false},"product_brand":[],"product_cat":[244,208,245],"product_tag":[],"class_list":{"0":"post-6901","1":"product","2":"type-product","3":"status-publish","4":"has-post-thumbnail","6":"product_cat-anhanger","7":"product_cat-landwirtschaftliche-maschinen","8":"product_cat-zweiachsige","9":"pa_producent-pronar-de","11":"first","12":"onbackorder","13":"taxable","14":"shipping-taxable","15":"purchasable","16":"product-type-simple"},"acf":[],"yoast_head":"<!-- This site is optimized with the Yoast SEO plugin v26.8 - https:\/\/yoast.com\/product\/yoast-seo-wordpress\/ -->\n<title>Anh\u00e4nger PRONAR T780 - Agrol<\/title>\n<meta name=\"description\" content=\"Der dreiachsige Anh\u00e4nger Pronar T780 mit hoher Ladekapazit\u00e4t und Ladekistenkapazit\u00e4t (26 m3) garantiert einen wirtschaftlichen Transport und eine Kostenreduzierung.\" \/>\n<meta name=\"robots\" content=\"index, follow, max-snippet:-1, max-image-preview:large, max-video-preview:-1\" \/>\n<link rel=\"canonical\" href=\"https:\/\/agrol-moto.pl\/de\/produkt\/anhanger-pronar-t780\/\" \/>\n<meta property=\"og:locale\" content=\"de_DE\" \/>\n<meta property=\"og:type\" content=\"article\" \/>\n<meta property=\"og:title\" content=\"Anh\u00e4nger PRONAR T780 - Agrol\" \/>\n<meta property=\"og:description\" content=\"Der dreiachsige Anh\u00e4nger Pronar T780 mit hoher Ladekapazit\u00e4t und Ladekistenkapazit\u00e4t (26 m3) garantiert einen wirtschaftlichen Transport und eine Kostenreduzierung.\" \/>\n<meta property=\"og:url\" content=\"https:\/\/agrol-moto.pl\/de\/produkt\/anhanger-pronar-t780\/\" \/>\n<meta property=\"og:site_name\" content=\"Agrol\" \/>\n<meta property=\"article:publisher\" content=\"https:\/\/www.facebook.com\/pphuagrol\" \/>\n<meta property=\"og:image\" content=\"https:\/\/agrol-moto.pl\/wp-content\/uploads\/2023\/04\/IMG_3912-scaled.jpg\" \/>\n\t<meta property=\"og:image:width\" content=\"2560\" \/>\n\t<meta property=\"og:image:height\" content=\"1920\" \/>\n\t<meta property=\"og:image:type\" content=\"image\/jpeg\" \/>\n<meta name=\"twitter:card\" content=\"summary_large_image\" \/>\n<script type=\"application\/ld+json\" class=\"yoast-schema-graph\">{\"@context\":\"https:\/\/schema.org\",\"@graph\":[{\"@type\":\"WebPage\",\"@id\":\"https:\/\/agrol-moto.pl\/de\/produkt\/anhanger-pronar-t780\/\",\"url\":\"https:\/\/agrol-moto.pl\/de\/produkt\/anhanger-pronar-t780\/\",\"name\":\"Anh\u00e4nger PRONAR T780 - Agrol\",\"isPartOf\":{\"@id\":\"https:\/\/agrol-moto.pl\/#website\"},\"primaryImageOfPage\":{\"@id\":\"https:\/\/agrol-moto.pl\/de\/produkt\/anhanger-pronar-t780\/#primaryimage\"},\"image\":{\"@id\":\"https:\/\/agrol-moto.pl\/de\/produkt\/anhanger-pronar-t780\/#primaryimage\"},\"thumbnailUrl\":\"https:\/\/agrol-moto.pl\/wp-content\/uploads\/2026\/02\/4.jpeg\",\"datePublished\":\"2023-04-06T11:11:06+00:00\",\"description\":\"Der dreiachsige Anh\u00e4nger Pronar T780 mit hoher Ladekapazit\u00e4t und Ladekistenkapazit\u00e4t (26 m3) garantiert einen wirtschaftlichen Transport und eine Kostenreduzierung.\",\"breadcrumb\":{\"@id\":\"https:\/\/agrol-moto.pl\/de\/produkt\/anhanger-pronar-t780\/#breadcrumb\"},\"inLanguage\":\"de\",\"potentialAction\":[{\"@type\":\"ReadAction\",\"target\":[\"https:\/\/agrol-moto.pl\/de\/produkt\/anhanger-pronar-t780\/\"]}]},{\"@type\":\"ImageObject\",\"inLanguage\":\"de\",\"@id\":\"https:\/\/agrol-moto.pl\/de\/produkt\/anhanger-pronar-t780\/#primaryimage\",\"url\":\"https:\/\/agrol-moto.pl\/wp-content\/uploads\/2026\/02\/4.jpeg\",\"contentUrl\":\"https:\/\/agrol-moto.pl\/wp-content\/uploads\/2026\/02\/4.jpeg\",\"width\":1600,\"height\":900},{\"@type\":\"BreadcrumbList\",\"@id\":\"https:\/\/agrol-moto.pl\/de\/produkt\/anhanger-pronar-t780\/#breadcrumb\",\"itemListElement\":[{\"@type\":\"ListItem\",\"position\":1,\"name\":\"Strona g\u0142\u00f3wna\",\"item\":\"https:\/\/agrol-moto.pl\/de\/\"},{\"@type\":\"ListItem\",\"position\":2,\"name\":\"Produkte\",\"item\":\"https:\/\/agrol-moto.pl\/de\/produkte\/\"},{\"@type\":\"ListItem\",\"position\":3,\"name\":\"Anh\u00e4nger PRONAR T780\"}]},{\"@type\":\"WebSite\",\"@id\":\"https:\/\/agrol-moto.pl\/#website\",\"url\":\"https:\/\/agrol-moto.pl\/\",\"name\":\"Agrol\",\"description\":\"\",\"potentialAction\":[{\"@type\":\"SearchAction\",\"target\":{\"@type\":\"EntryPoint\",\"urlTemplate\":\"https:\/\/agrol-moto.pl\/?s={search_term_string}\"},\"query-input\":{\"@type\":\"PropertyValueSpecification\",\"valueRequired\":true,\"valueName\":\"search_term_string\"}}],\"inLanguage\":\"de\"}]}<\/script>\n<!-- \/ Yoast SEO plugin. -->","yoast_head_json":{"title":"Anh\u00e4nger PRONAR T780 - Agrol","description":"Der dreiachsige Anh\u00e4nger Pronar T780 mit hoher Ladekapazit\u00e4t und Ladekistenkapazit\u00e4t (26 m3) garantiert einen wirtschaftlichen Transport und eine Kostenreduzierung.","robots":{"index":"index","follow":"follow","max-snippet":"max-snippet:-1","max-image-preview":"max-image-preview:large","max-video-preview":"max-video-preview:-1"},"canonical":"https:\/\/agrol-moto.pl\/de\/produkt\/anhanger-pronar-t780\/","og_locale":"de_DE","og_type":"article","og_title":"Anh\u00e4nger PRONAR T780 - Agrol","og_description":"Der dreiachsige Anh\u00e4nger Pronar T780 mit hoher Ladekapazit\u00e4t und Ladekistenkapazit\u00e4t (26 m3) garantiert einen wirtschaftlichen Transport und eine Kostenreduzierung.","og_url":"https:\/\/agrol-moto.pl\/de\/produkt\/anhanger-pronar-t780\/","og_site_name":"Agrol","article_publisher":"https:\/\/www.facebook.com\/pphuagrol","og_image":[{"width":2560,"height":1920,"url":"https:\/\/agrol-moto.pl\/wp-content\/uploads\/2023\/04\/IMG_3912-scaled.jpg","type":"image\/jpeg"}],"twitter_card":"summary_large_image","schema":{"@context":"https:\/\/schema.org","@graph":[{"@type":"WebPage","@id":"https:\/\/agrol-moto.pl\/de\/produkt\/anhanger-pronar-t780\/","url":"https:\/\/agrol-moto.pl\/de\/produkt\/anhanger-pronar-t780\/","name":"Anh\u00e4nger PRONAR T780 - Agrol","isPartOf":{"@id":"https:\/\/agrol-moto.pl\/#website"},"primaryImageOfPage":{"@id":"https:\/\/agrol-moto.pl\/de\/produkt\/anhanger-pronar-t780\/#primaryimage"},"image":{"@id":"https:\/\/agrol-moto.pl\/de\/produkt\/anhanger-pronar-t780\/#primaryimage"},"thumbnailUrl":"https:\/\/agrol-moto.pl\/wp-content\/uploads\/2026\/02\/4.jpeg","datePublished":"2023-04-06T11:11:06+00:00","description":"Der dreiachsige Anh\u00e4nger Pronar T780 mit hoher Ladekapazit\u00e4t und Ladekistenkapazit\u00e4t (26 m3) garantiert einen wirtschaftlichen Transport und eine Kostenreduzierung.","breadcrumb":{"@id":"https:\/\/agrol-moto.pl\/de\/produkt\/anhanger-pronar-t780\/#breadcrumb"},"inLanguage":"de","potentialAction":[{"@type":"ReadAction","target":["https:\/\/agrol-moto.pl\/de\/produkt\/anhanger-pronar-t780\/"]}]},{"@type":"ImageObject","inLanguage":"de","@id":"https:\/\/agrol-moto.pl\/de\/produkt\/anhanger-pronar-t780\/#primaryimage","url":"https:\/\/agrol-moto.pl\/wp-content\/uploads\/2026\/02\/4.jpeg","contentUrl":"https:\/\/agrol-moto.pl\/wp-content\/uploads\/2026\/02\/4.jpeg","width":1600,"height":900},{"@type":"BreadcrumbList","@id":"https:\/\/agrol-moto.pl\/de\/produkt\/anhanger-pronar-t780\/#breadcrumb","itemListElement":[{"@type":"ListItem","position":1,"name":"Strona g\u0142\u00f3wna","item":"https:\/\/agrol-moto.pl\/de\/"},{"@type":"ListItem","position":2,"name":"Produkte","item":"https:\/\/agrol-moto.pl\/de\/produkte\/"},{"@type":"ListItem","position":3,"name":"Anh\u00e4nger PRONAR T780"}]},{"@type":"WebSite","@id":"https:\/\/agrol-moto.pl\/#website","url":"https:\/\/agrol-moto.pl\/","name":"Agrol","description":"","potentialAction":[{"@type":"SearchAction","target":{"@type":"EntryPoint","urlTemplate":"https:\/\/agrol-moto.pl\/?s={search_term_string}"},"query-input":{"@type":"PropertyValueSpecification","valueRequired":true,"valueName":"search_term_string"}}],"inLanguage":"de"}]}},"_links":{"self":[{"href":"https:\/\/agrol-moto.pl\/de\/wp-json\/wp\/v2\/product\/6901","targetHints":{"allow":["GET"]}}],"collection":[{"href":"https:\/\/agrol-moto.pl\/de\/wp-json\/wp\/v2\/product"}],"about":[{"href":"https:\/\/agrol-moto.pl\/de\/wp-json\/wp\/v2\/types\/product"}],"wp:featuredmedia":[{"embeddable":true,"href":"https:\/\/agrol-moto.pl\/de\/wp-json\/wp\/v2\/media\/13784"}],"wp:attachment":[{"href":"https:\/\/agrol-moto.pl\/de\/wp-json\/wp\/v2\/media?parent=6901"}],"wp:term":[{"taxonomy":"product_brand","embeddable":true,"href":"https:\/\/agrol-moto.pl\/de\/wp-json\/wp\/v2\/product_brand?post=6901"},{"taxonomy":"product_cat","embeddable":true,"href":"https:\/\/agrol-moto.pl\/de\/wp-json\/wp\/v2\/product_cat?post=6901"},{"taxonomy":"product_tag","embeddable":true,"href":"https:\/\/agrol-moto.pl\/de\/wp-json\/wp\/v2\/product_tag?post=6901"}],"curies":[{"name":"wp","href":"https:\/\/api.w.org\/{rel}","templated":true}]}}