{"id":6199,"date":"2021-09-01T09:04:37","date_gmt":"2021-09-01T07:04:37","guid":{"rendered":"https:\/\/agrol-moto.pl\/produkt\/greifer-fur-ballen\/"},"modified":"2023-02-17T12:45:04","modified_gmt":"2023-02-17T11:45:04","slug":"greifer-fur-ballen","status":"publish","type":"product","link":"https:\/\/agrol-moto.pl\/de\/produkt\/greifer-fur-ballen\/","title":{"rendered":"Greifer f\u00fcr Ballen INTER-TECH"},"content":{"rendered":"","protected":false},"excerpt":{"rendered":"<p>Der Greifer ist eine Konstruktion, die f\u00fcr den Einsatz mit einem Frontlader oder Lader geeignet ist. Der Greifer wird zum Transportieren, Sortieren, Be- und Entladen von Holz, Altpapier, Heu- und Strohballen eingesetzt. Wir bieten Greifer f\u00fcr Altpapier, Holzgreifer, Greifer f\u00fcr Rechteckballen IT01, Greifer f\u00fcr Rechteckballen IT02, Greifer f\u00fcr Gro\u00dfballen, Greifer f\u00fcr Ballen IT 1,2\/1, Greifer f\u00fcr Ballen IT 1,2\/2, Greifer f\u00fcr Ballen IT 1,2\/2.<\/p>\n","protected":false},"featured_media":1852,"template":"","meta":{"_acf_changed":false,"inline_featured_image":false},"product_brand":[],"product_cat":[230,232],"product_tag":[],"class_list":{"0":"post-6199","1":"product","2":"type-product","3":"status-publish","4":"has-post-thumbnail","6":"product_cat-anbaugerate-fur-lader","7":"product_cat-ballengreifer","8":"pa_producent-inter-tech-de","10":"first","11":"instock","12":"taxable","13":"shipping-taxable","14":"purchasable","15":"product-type-simple"},"acf":[],"yoast_head":"<!-- This site is optimized with the Yoast SEO plugin v26.8 - https:\/\/yoast.com\/product\/yoast-seo-wordpress\/ -->\n<title>Greifer f\u00fcr Ballen INTER-TECH - Agrol<\/title>\n<meta name=\"description\" content=\"Der Greifer ist eine Konstruktion, die f\u00fcr den Einsatz mit einem Frontlader oder Lader geeignet ist.\" \/>\n<meta name=\"robots\" content=\"index, follow, max-snippet:-1, max-image-preview:large, max-video-preview:-1\" \/>\n<link rel=\"canonical\" href=\"https:\/\/agrol-moto.pl\/de\/produkt\/greifer-fur-ballen\/\" \/>\n<meta property=\"og:locale\" content=\"de_DE\" \/>\n<meta property=\"og:type\" content=\"article\" \/>\n<meta property=\"og:title\" content=\"Greifer f\u00fcr Ballen INTER-TECH - Agrol\" \/>\n<meta property=\"og:description\" content=\"Der Greifer ist eine Konstruktion, die f\u00fcr den Einsatz mit einem Frontlader oder Lader geeignet ist.\" \/>\n<meta property=\"og:url\" content=\"https:\/\/agrol-moto.pl\/de\/produkt\/greifer-fur-ballen\/\" \/>\n<meta property=\"og:site_name\" content=\"Agrol\" \/>\n<meta property=\"article:publisher\" content=\"https:\/\/www.facebook.com\/pphuagrol\" \/>\n<meta property=\"article:modified_time\" content=\"2023-02-17T11:45:04+00:00\" \/>\n<meta property=\"og:image\" content=\"https:\/\/agrol-moto.pl\/wp-content\/uploads\/2021\/09\/Projekt-bez-tytulu73.png\" \/>\n\t<meta property=\"og:image:width\" content=\"1024\" \/>\n\t<meta property=\"og:image:height\" content=\"768\" \/>\n\t<meta property=\"og:image:type\" content=\"image\/png\" \/>\n<meta name=\"twitter:card\" content=\"summary_large_image\" \/>\n<script type=\"application\/ld+json\" class=\"yoast-schema-graph\">{\"@context\":\"https:\/\/schema.org\",\"@graph\":[{\"@type\":\"WebPage\",\"@id\":\"https:\/\/agrol-moto.pl\/de\/produkt\/greifer-fur-ballen\/\",\"url\":\"https:\/\/agrol-moto.pl\/de\/produkt\/greifer-fur-ballen\/\",\"name\":\"Greifer f\u00fcr Ballen INTER-TECH - Agrol\",\"isPartOf\":{\"@id\":\"https:\/\/agrol-moto.pl\/#website\"},\"primaryImageOfPage\":{\"@id\":\"https:\/\/agrol-moto.pl\/de\/produkt\/greifer-fur-ballen\/#primaryimage\"},\"image\":{\"@id\":\"https:\/\/agrol-moto.pl\/de\/produkt\/greifer-fur-ballen\/#primaryimage\"},\"thumbnailUrl\":\"https:\/\/agrol-moto.pl\/wp-content\/uploads\/2021\/09\/Projekt-bez-tytulu73.png\",\"datePublished\":\"2021-09-01T07:04:37+00:00\",\"dateModified\":\"2023-02-17T11:45:04+00:00\",\"description\":\"Der Greifer ist eine Konstruktion, die f\u00fcr den Einsatz mit einem Frontlader oder Lader geeignet ist.\",\"breadcrumb\":{\"@id\":\"https:\/\/agrol-moto.pl\/de\/produkt\/greifer-fur-ballen\/#breadcrumb\"},\"inLanguage\":\"de\",\"potentialAction\":[{\"@type\":\"ReadAction\",\"target\":[\"https:\/\/agrol-moto.pl\/de\/produkt\/greifer-fur-ballen\/\"]}]},{\"@type\":\"ImageObject\",\"inLanguage\":\"de\",\"@id\":\"https:\/\/agrol-moto.pl\/de\/produkt\/greifer-fur-ballen\/#primaryimage\",\"url\":\"https:\/\/agrol-moto.pl\/wp-content\/uploads\/2021\/09\/Projekt-bez-tytulu73.png\",\"contentUrl\":\"https:\/\/agrol-moto.pl\/wp-content\/uploads\/2021\/09\/Projekt-bez-tytulu73.png\",\"width\":1024,\"height\":768},{\"@type\":\"BreadcrumbList\",\"@id\":\"https:\/\/agrol-moto.pl\/de\/produkt\/greifer-fur-ballen\/#breadcrumb\",\"itemListElement\":[{\"@type\":\"ListItem\",\"position\":1,\"name\":\"Strona g\u0142\u00f3wna\",\"item\":\"https:\/\/agrol-moto.pl\/de\/\"},{\"@type\":\"ListItem\",\"position\":2,\"name\":\"Produkte\",\"item\":\"https:\/\/agrol-moto.pl\/de\/produkte\/\"},{\"@type\":\"ListItem\",\"position\":3,\"name\":\"Greifer f\u00fcr Ballen INTER-TECH\"}]},{\"@type\":\"WebSite\",\"@id\":\"https:\/\/agrol-moto.pl\/#website\",\"url\":\"https:\/\/agrol-moto.pl\/\",\"name\":\"Agrol\",\"description\":\"\",\"potentialAction\":[{\"@type\":\"SearchAction\",\"target\":{\"@type\":\"EntryPoint\",\"urlTemplate\":\"https:\/\/agrol-moto.pl\/?s={search_term_string}\"},\"query-input\":{\"@type\":\"PropertyValueSpecification\",\"valueRequired\":true,\"valueName\":\"search_term_string\"}}],\"inLanguage\":\"de\"}]}<\/script>\n<!-- \/ Yoast SEO plugin. -->","yoast_head_json":{"title":"Greifer f\u00fcr Ballen INTER-TECH - Agrol","description":"Der Greifer ist eine Konstruktion, die f\u00fcr den Einsatz mit einem Frontlader oder Lader geeignet ist.","robots":{"index":"index","follow":"follow","max-snippet":"max-snippet:-1","max-image-preview":"max-image-preview:large","max-video-preview":"max-video-preview:-1"},"canonical":"https:\/\/agrol-moto.pl\/de\/produkt\/greifer-fur-ballen\/","og_locale":"de_DE","og_type":"article","og_title":"Greifer f\u00fcr Ballen INTER-TECH - Agrol","og_description":"Der Greifer ist eine Konstruktion, die f\u00fcr den Einsatz mit einem Frontlader oder Lader geeignet ist.","og_url":"https:\/\/agrol-moto.pl\/de\/produkt\/greifer-fur-ballen\/","og_site_name":"Agrol","article_publisher":"https:\/\/www.facebook.com\/pphuagrol","article_modified_time":"2023-02-17T11:45:04+00:00","og_image":[{"width":1024,"height":768,"url":"https:\/\/agrol-moto.pl\/wp-content\/uploads\/2021\/09\/Projekt-bez-tytulu73.png","type":"image\/png"}],"twitter_card":"summary_large_image","schema":{"@context":"https:\/\/schema.org","@graph":[{"@type":"WebPage","@id":"https:\/\/agrol-moto.pl\/de\/produkt\/greifer-fur-ballen\/","url":"https:\/\/agrol-moto.pl\/de\/produkt\/greifer-fur-ballen\/","name":"Greifer f\u00fcr Ballen INTER-TECH - Agrol","isPartOf":{"@id":"https:\/\/agrol-moto.pl\/#website"},"primaryImageOfPage":{"@id":"https:\/\/agrol-moto.pl\/de\/produkt\/greifer-fur-ballen\/#primaryimage"},"image":{"@id":"https:\/\/agrol-moto.pl\/de\/produkt\/greifer-fur-ballen\/#primaryimage"},"thumbnailUrl":"https:\/\/agrol-moto.pl\/wp-content\/uploads\/2021\/09\/Projekt-bez-tytulu73.png","datePublished":"2021-09-01T07:04:37+00:00","dateModified":"2023-02-17T11:45:04+00:00","description":"Der Greifer ist eine Konstruktion, die f\u00fcr den Einsatz mit einem Frontlader oder Lader geeignet ist.","breadcrumb":{"@id":"https:\/\/agrol-moto.pl\/de\/produkt\/greifer-fur-ballen\/#breadcrumb"},"inLanguage":"de","potentialAction":[{"@type":"ReadAction","target":["https:\/\/agrol-moto.pl\/de\/produkt\/greifer-fur-ballen\/"]}]},{"@type":"ImageObject","inLanguage":"de","@id":"https:\/\/agrol-moto.pl\/de\/produkt\/greifer-fur-ballen\/#primaryimage","url":"https:\/\/agrol-moto.pl\/wp-content\/uploads\/2021\/09\/Projekt-bez-tytulu73.png","contentUrl":"https:\/\/agrol-moto.pl\/wp-content\/uploads\/2021\/09\/Projekt-bez-tytulu73.png","width":1024,"height":768},{"@type":"BreadcrumbList","@id":"https:\/\/agrol-moto.pl\/de\/produkt\/greifer-fur-ballen\/#breadcrumb","itemListElement":[{"@type":"ListItem","position":1,"name":"Strona g\u0142\u00f3wna","item":"https:\/\/agrol-moto.pl\/de\/"},{"@type":"ListItem","position":2,"name":"Produkte","item":"https:\/\/agrol-moto.pl\/de\/produkte\/"},{"@type":"ListItem","position":3,"name":"Greifer f\u00fcr Ballen INTER-TECH"}]},{"@type":"WebSite","@id":"https:\/\/agrol-moto.pl\/#website","url":"https:\/\/agrol-moto.pl\/","name":"Agrol","description":"","potentialAction":[{"@type":"SearchAction","target":{"@type":"EntryPoint","urlTemplate":"https:\/\/agrol-moto.pl\/?s={search_term_string}"},"query-input":{"@type":"PropertyValueSpecification","valueRequired":true,"valueName":"search_term_string"}}],"inLanguage":"de"}]}},"_links":{"self":[{"href":"https:\/\/agrol-moto.pl\/de\/wp-json\/wp\/v2\/product\/6199","targetHints":{"allow":["GET"]}}],"collection":[{"href":"https:\/\/agrol-moto.pl\/de\/wp-json\/wp\/v2\/product"}],"about":[{"href":"https:\/\/agrol-moto.pl\/de\/wp-json\/wp\/v2\/types\/product"}],"wp:featuredmedia":[{"embeddable":true,"href":"https:\/\/agrol-moto.pl\/de\/wp-json\/wp\/v2\/media\/1852"}],"wp:attachment":[{"href":"https:\/\/agrol-moto.pl\/de\/wp-json\/wp\/v2\/media?parent=6199"}],"wp:term":[{"taxonomy":"product_brand","embeddable":true,"href":"https:\/\/agrol-moto.pl\/de\/wp-json\/wp\/v2\/product_brand?post=6199"},{"taxonomy":"product_cat","embeddable":true,"href":"https:\/\/agrol-moto.pl\/de\/wp-json\/wp\/v2\/product_cat?post=6199"},{"taxonomy":"product_tag","embeddable":true,"href":"https:\/\/agrol-moto.pl\/de\/wp-json\/wp\/v2\/product_tag?post=6199"}],"curies":[{"name":"wp","href":"https:\/\/api.w.org\/{rel}","templated":true}]}}