{"id":6198,"date":"2021-08-31T11:41:11","date_gmt":"2021-08-31T09:41:11","guid":{"rendered":"https:\/\/agrol-moto.pl\/produkt\/anhanger-pronar-t023\/"},"modified":"2021-08-31T11:41:11","modified_gmt":"2021-08-31T09:41:11","slug":"anhanger-pronar-t023","status":"publish","type":"product","link":"https:\/\/agrol-moto.pl\/de\/produkt\/anhanger-pronar-t023\/","title":{"rendered":"Anh\u00e4nger PRONAR T023"},"content":{"rendered":"","protected":false},"excerpt":{"rendered":"<p>Zuverl\u00e4ssiger, st\u00f6rungsfreier und extrem vielseitiger Ballenanh\u00e4nger. Ideal f\u00fcr den Transport von gro\u00dfvolumigen G\u00fctern, die gro\u00dfe einfache Fl\u00e4chen erfordern, vor allem f\u00fcr den Strohballen- und Silage-Transport, Paletten und Europaletten. In der modernisierten Version des Anh\u00e4ngers Pronar T023 \u2013 Pronar T023M ist eine verst\u00e4rkte Blechdicke von 4 mm f\u00fcr Boden verwendet worden. Die L\u00e4nge der Ladeplattform ist regulierbar und kann an die Lastparameter angepasst werden. Die Plattform ist mit nur einer Schwei\u00dfnaht gefertigt, dies hateinen erheblichen Einfluss auf die Beseitigung von Korrosion.<\/p>\n","protected":false},"featured_media":1754,"template":"","meta":{"_acf_changed":false,"inline_featured_image":false},"product_brand":[],"product_cat":[244,247],"product_tag":[],"class_list":{"0":"post-6198","1":"product","2":"type-product","3":"status-publish","4":"has-post-thumbnail","6":"product_cat-anhanger","7":"product_cat-ballenplattformen","8":"pa_producent-pronar-de","10":"first","11":"onbackorder","12":"taxable","13":"shipping-taxable","14":"purchasable","15":"product-type-simple"},"acf":[],"yoast_head":"<!-- This site is optimized with the Yoast SEO plugin v26.8 - https:\/\/yoast.com\/product\/yoast-seo-wordpress\/ -->\n<title>Anh\u00e4nger PRONAR T023 - Agrol<\/title>\n<meta name=\"description\" content=\"Zuverl\u00e4ssiger, st\u00f6rungsfreier und extrem vielseitiger Ballenanh\u00e4nger.\" \/>\n<meta name=\"robots\" content=\"index, follow, max-snippet:-1, max-image-preview:large, max-video-preview:-1\" \/>\n<link rel=\"canonical\" href=\"https:\/\/agrol-moto.pl\/de\/produkt\/anhanger-pronar-t023\/\" \/>\n<meta property=\"og:locale\" content=\"de_DE\" \/>\n<meta property=\"og:type\" content=\"article\" \/>\n<meta property=\"og:title\" content=\"Anh\u00e4nger PRONAR T023 - Agrol\" \/>\n<meta property=\"og:description\" content=\"Zuverl\u00e4ssiger, st\u00f6rungsfreier und extrem vielseitiger Ballenanh\u00e4nger.\" \/>\n<meta property=\"og:url\" content=\"https:\/\/agrol-moto.pl\/de\/produkt\/anhanger-pronar-t023\/\" \/>\n<meta property=\"og:site_name\" content=\"Agrol\" \/>\n<meta property=\"article:publisher\" content=\"https:\/\/www.facebook.com\/pphuagrol\" \/>\n<meta property=\"og:image\" content=\"https:\/\/agrol-moto.pl\/wp-content\/uploads\/2021\/08\/Projekt-bez-tytulu65.png\" \/>\n\t<meta property=\"og:image:width\" content=\"1024\" \/>\n\t<meta property=\"og:image:height\" content=\"768\" \/>\n\t<meta property=\"og:image:type\" content=\"image\/png\" \/>\n<meta name=\"twitter:card\" content=\"summary_large_image\" \/>\n<script type=\"application\/ld+json\" class=\"yoast-schema-graph\">{\"@context\":\"https:\/\/schema.org\",\"@graph\":[{\"@type\":\"WebPage\",\"@id\":\"https:\/\/agrol-moto.pl\/de\/produkt\/anhanger-pronar-t023\/\",\"url\":\"https:\/\/agrol-moto.pl\/de\/produkt\/anhanger-pronar-t023\/\",\"name\":\"Anh\u00e4nger PRONAR T023 - Agrol\",\"isPartOf\":{\"@id\":\"https:\/\/agrol-moto.pl\/#website\"},\"primaryImageOfPage\":{\"@id\":\"https:\/\/agrol-moto.pl\/de\/produkt\/anhanger-pronar-t023\/#primaryimage\"},\"image\":{\"@id\":\"https:\/\/agrol-moto.pl\/de\/produkt\/anhanger-pronar-t023\/#primaryimage\"},\"thumbnailUrl\":\"https:\/\/agrol-moto.pl\/wp-content\/uploads\/2021\/08\/Projekt-bez-tytulu65.png\",\"datePublished\":\"2021-08-31T09:41:11+00:00\",\"description\":\"Zuverl\u00e4ssiger, st\u00f6rungsfreier und extrem vielseitiger Ballenanh\u00e4nger.\",\"breadcrumb\":{\"@id\":\"https:\/\/agrol-moto.pl\/de\/produkt\/anhanger-pronar-t023\/#breadcrumb\"},\"inLanguage\":\"de\",\"potentialAction\":[{\"@type\":\"ReadAction\",\"target\":[\"https:\/\/agrol-moto.pl\/de\/produkt\/anhanger-pronar-t023\/\"]}]},{\"@type\":\"ImageObject\",\"inLanguage\":\"de\",\"@id\":\"https:\/\/agrol-moto.pl\/de\/produkt\/anhanger-pronar-t023\/#primaryimage\",\"url\":\"https:\/\/agrol-moto.pl\/wp-content\/uploads\/2021\/08\/Projekt-bez-tytulu65.png\",\"contentUrl\":\"https:\/\/agrol-moto.pl\/wp-content\/uploads\/2021\/08\/Projekt-bez-tytulu65.png\",\"width\":1024,\"height\":768},{\"@type\":\"BreadcrumbList\",\"@id\":\"https:\/\/agrol-moto.pl\/de\/produkt\/anhanger-pronar-t023\/#breadcrumb\",\"itemListElement\":[{\"@type\":\"ListItem\",\"position\":1,\"name\":\"Strona g\u0142\u00f3wna\",\"item\":\"https:\/\/agrol-moto.pl\/de\/\"},{\"@type\":\"ListItem\",\"position\":2,\"name\":\"Produkte\",\"item\":\"https:\/\/agrol-moto.pl\/de\/produkte\/\"},{\"@type\":\"ListItem\",\"position\":3,\"name\":\"Anh\u00e4nger PRONAR T023\"}]},{\"@type\":\"WebSite\",\"@id\":\"https:\/\/agrol-moto.pl\/#website\",\"url\":\"https:\/\/agrol-moto.pl\/\",\"name\":\"Agrol\",\"description\":\"\",\"potentialAction\":[{\"@type\":\"SearchAction\",\"target\":{\"@type\":\"EntryPoint\",\"urlTemplate\":\"https:\/\/agrol-moto.pl\/?s={search_term_string}\"},\"query-input\":{\"@type\":\"PropertyValueSpecification\",\"valueRequired\":true,\"valueName\":\"search_term_string\"}}],\"inLanguage\":\"de\"}]}<\/script>\n<!-- \/ Yoast SEO plugin. -->","yoast_head_json":{"title":"Anh\u00e4nger PRONAR T023 - Agrol","description":"Zuverl\u00e4ssiger, st\u00f6rungsfreier und extrem vielseitiger Ballenanh\u00e4nger.","robots":{"index":"index","follow":"follow","max-snippet":"max-snippet:-1","max-image-preview":"max-image-preview:large","max-video-preview":"max-video-preview:-1"},"canonical":"https:\/\/agrol-moto.pl\/de\/produkt\/anhanger-pronar-t023\/","og_locale":"de_DE","og_type":"article","og_title":"Anh\u00e4nger PRONAR T023 - Agrol","og_description":"Zuverl\u00e4ssiger, st\u00f6rungsfreier und extrem vielseitiger Ballenanh\u00e4nger.","og_url":"https:\/\/agrol-moto.pl\/de\/produkt\/anhanger-pronar-t023\/","og_site_name":"Agrol","article_publisher":"https:\/\/www.facebook.com\/pphuagrol","og_image":[{"width":1024,"height":768,"url":"https:\/\/agrol-moto.pl\/wp-content\/uploads\/2021\/08\/Projekt-bez-tytulu65.png","type":"image\/png"}],"twitter_card":"summary_large_image","schema":{"@context":"https:\/\/schema.org","@graph":[{"@type":"WebPage","@id":"https:\/\/agrol-moto.pl\/de\/produkt\/anhanger-pronar-t023\/","url":"https:\/\/agrol-moto.pl\/de\/produkt\/anhanger-pronar-t023\/","name":"Anh\u00e4nger PRONAR T023 - Agrol","isPartOf":{"@id":"https:\/\/agrol-moto.pl\/#website"},"primaryImageOfPage":{"@id":"https:\/\/agrol-moto.pl\/de\/produkt\/anhanger-pronar-t023\/#primaryimage"},"image":{"@id":"https:\/\/agrol-moto.pl\/de\/produkt\/anhanger-pronar-t023\/#primaryimage"},"thumbnailUrl":"https:\/\/agrol-moto.pl\/wp-content\/uploads\/2021\/08\/Projekt-bez-tytulu65.png","datePublished":"2021-08-31T09:41:11+00:00","description":"Zuverl\u00e4ssiger, st\u00f6rungsfreier und extrem vielseitiger Ballenanh\u00e4nger.","breadcrumb":{"@id":"https:\/\/agrol-moto.pl\/de\/produkt\/anhanger-pronar-t023\/#breadcrumb"},"inLanguage":"de","potentialAction":[{"@type":"ReadAction","target":["https:\/\/agrol-moto.pl\/de\/produkt\/anhanger-pronar-t023\/"]}]},{"@type":"ImageObject","inLanguage":"de","@id":"https:\/\/agrol-moto.pl\/de\/produkt\/anhanger-pronar-t023\/#primaryimage","url":"https:\/\/agrol-moto.pl\/wp-content\/uploads\/2021\/08\/Projekt-bez-tytulu65.png","contentUrl":"https:\/\/agrol-moto.pl\/wp-content\/uploads\/2021\/08\/Projekt-bez-tytulu65.png","width":1024,"height":768},{"@type":"BreadcrumbList","@id":"https:\/\/agrol-moto.pl\/de\/produkt\/anhanger-pronar-t023\/#breadcrumb","itemListElement":[{"@type":"ListItem","position":1,"name":"Strona g\u0142\u00f3wna","item":"https:\/\/agrol-moto.pl\/de\/"},{"@type":"ListItem","position":2,"name":"Produkte","item":"https:\/\/agrol-moto.pl\/de\/produkte\/"},{"@type":"ListItem","position":3,"name":"Anh\u00e4nger PRONAR T023"}]},{"@type":"WebSite","@id":"https:\/\/agrol-moto.pl\/#website","url":"https:\/\/agrol-moto.pl\/","name":"Agrol","description":"","potentialAction":[{"@type":"SearchAction","target":{"@type":"EntryPoint","urlTemplate":"https:\/\/agrol-moto.pl\/?s={search_term_string}"},"query-input":{"@type":"PropertyValueSpecification","valueRequired":true,"valueName":"search_term_string"}}],"inLanguage":"de"}]}},"_links":{"self":[{"href":"https:\/\/agrol-moto.pl\/de\/wp-json\/wp\/v2\/product\/6198","targetHints":{"allow":["GET"]}}],"collection":[{"href":"https:\/\/agrol-moto.pl\/de\/wp-json\/wp\/v2\/product"}],"about":[{"href":"https:\/\/agrol-moto.pl\/de\/wp-json\/wp\/v2\/types\/product"}],"wp:featuredmedia":[{"embeddable":true,"href":"https:\/\/agrol-moto.pl\/de\/wp-json\/wp\/v2\/media\/1754"}],"wp:attachment":[{"href":"https:\/\/agrol-moto.pl\/de\/wp-json\/wp\/v2\/media?parent=6198"}],"wp:term":[{"taxonomy":"product_brand","embeddable":true,"href":"https:\/\/agrol-moto.pl\/de\/wp-json\/wp\/v2\/product_brand?post=6198"},{"taxonomy":"product_cat","embeddable":true,"href":"https:\/\/agrol-moto.pl\/de\/wp-json\/wp\/v2\/product_cat?post=6198"},{"taxonomy":"product_tag","embeddable":true,"href":"https:\/\/agrol-moto.pl\/de\/wp-json\/wp\/v2\/product_tag?post=6198"}],"curies":[{"name":"wp","href":"https:\/\/api.w.org\/{rel}","templated":true}]}}