{"id":6194,"date":"2021-08-31T10:49:13","date_gmt":"2021-08-31T08:49:13","guid":{"rendered":"https:\/\/agrol-moto.pl\/produkt\/anhanger-pronar-t654-1\/"},"modified":"2023-02-16T16:51:38","modified_gmt":"2023-02-16T15:51:38","slug":"anhanger-pronar-t654-1","status":"publish","type":"product","link":"https:\/\/agrol-moto.pl\/de\/produkt\/anhanger-pronar-t654-1\/","title":{"rendered":"Anh\u00e4nger PRONAR T654\/1"},"content":{"rendered":"","protected":false},"excerpt":{"rendered":"<p><strong>Anh\u00e4nger PRONAR T654\/1\u00a0<\/strong>ist eine gr\u00f6\u00dfere Variante des einachsigen Anh\u00e4ngers T654. Ein stabiles dreiseitiges Kippsystem der Ladekiste erh\u00f6ht die Funktionalit\u00e4t des Anh\u00e4ngers. Die belastbaren Profile des Tr\u00e4gerrahmens, sowie auch hochwertige, zuverl\u00e4ssige und langlebige Achsen, unterscheiden dieses Produkt der Marke PRONAR von den Anderen auf dem Markt. Dieser Anh\u00e4nger mir der Ladekapazit\u00e4t von dreieinhalb Tonnen ist die perfekte L\u00f6sung f\u00fcr kleine und mittlere landwirtschaftliche Betriebe. Man kann den an Traktoren mit der Leistung ab 30 PS aggregieren.<\/p>\n<hr \/>\n<p>Wenn Sie am Kauf einer Maschine mit einer der entsprechenden Zusatzoptionen interessiert sind, beschreiben Sie diese bitte im Abschnitt &#8222;BESTELLHINWEISE&#8220;. Nachdem Sie eine Online-Bestellung aufgegeben haben, werden Sie von unseren Mitarbeitern zur\u00fcckgerufen, um Ihre Bestellung zu best\u00e4tigen.<br \/>\nDen Transport der Maschine vereinbaren wir individuell mit dem Kunden, je nach Entfernung, die uns trennt.<br \/>\nWenn Sie Fragen zum Produkt oder zur Bestellung haben, rufen Sie <strong><span style=\"color: #99cc00;\">+48 693-346-604<\/span><\/strong> an oder schreiben Sie uns: <strong><span style=\"color: #99cc00;\">sklep@agrol-moto.pl<\/span><\/strong><\/p>\n<hr \/>\n<p>&nbsp;<\/p>\n","protected":false},"featured_media":1712,"template":"","meta":{"_acf_changed":false,"inline_featured_image":false},"product_brand":[],"product_cat":[244,246],"product_tag":[],"class_list":{"0":"post-6194","1":"product","2":"type-product","3":"status-publish","4":"has-post-thumbnail","6":"product_cat-anhanger","7":"product_cat-einachsanhanger","8":"pa_producent-pronar-de","10":"first","11":"onbackorder","12":"taxable","13":"shipping-taxable","14":"purchasable","15":"product-type-simple"},"acf":[],"yoast_head":"<!-- This site is optimized with the Yoast SEO plugin v26.8 - https:\/\/yoast.com\/product\/yoast-seo-wordpress\/ -->\n<title>Anh\u00e4nger PRONAR T654\/1 - Agrol<\/title>\n<meta name=\"description\" content=\"Anh\u00e4nger PRONAR T654\/1\u00a0ist eine gr\u00f6\u00dfere Variante des einachsigen Anh\u00e4ngers T654.\" \/>\n<meta name=\"robots\" content=\"index, follow, max-snippet:-1, max-image-preview:large, max-video-preview:-1\" \/>\n<link rel=\"canonical\" href=\"https:\/\/agrol-moto.pl\/de\/produkt\/anhanger-pronar-t654-1\/\" \/>\n<meta property=\"og:locale\" content=\"de_DE\" \/>\n<meta property=\"og:type\" content=\"article\" \/>\n<meta property=\"og:title\" content=\"Anh\u00e4nger PRONAR T654\/1 - Agrol\" \/>\n<meta property=\"og:description\" content=\"Anh\u00e4nger PRONAR T654\/1\u00a0ist eine gr\u00f6\u00dfere Variante des einachsigen Anh\u00e4ngers T654.\" \/>\n<meta property=\"og:url\" content=\"https:\/\/agrol-moto.pl\/de\/produkt\/anhanger-pronar-t654-1\/\" \/>\n<meta property=\"og:site_name\" content=\"Agrol\" \/>\n<meta property=\"article:publisher\" content=\"https:\/\/www.facebook.com\/pphuagrol\" \/>\n<meta property=\"article:modified_time\" content=\"2023-02-16T15:51:38+00:00\" \/>\n<meta property=\"og:image\" content=\"https:\/\/agrol-moto.pl\/wp-content\/uploads\/2021\/08\/Projekt-bez-tytulu63-e1735307092447.png\" \/>\n\t<meta property=\"og:image:width\" content=\"1024\" \/>\n\t<meta property=\"og:image:height\" content=\"768\" \/>\n\t<meta property=\"og:image:type\" content=\"image\/png\" \/>\n<meta name=\"twitter:card\" content=\"summary_large_image\" \/>\n<script type=\"application\/ld+json\" class=\"yoast-schema-graph\">{\"@context\":\"https:\/\/schema.org\",\"@graph\":[{\"@type\":\"WebPage\",\"@id\":\"https:\/\/agrol-moto.pl\/de\/produkt\/anhanger-pronar-t654-1\/\",\"url\":\"https:\/\/agrol-moto.pl\/de\/produkt\/anhanger-pronar-t654-1\/\",\"name\":\"Anh\u00e4nger PRONAR T654\/1 - Agrol\",\"isPartOf\":{\"@id\":\"https:\/\/agrol-moto.pl\/#website\"},\"primaryImageOfPage\":{\"@id\":\"https:\/\/agrol-moto.pl\/de\/produkt\/anhanger-pronar-t654-1\/#primaryimage\"},\"image\":{\"@id\":\"https:\/\/agrol-moto.pl\/de\/produkt\/anhanger-pronar-t654-1\/#primaryimage\"},\"thumbnailUrl\":\"https:\/\/agrol-moto.pl\/wp-content\/uploads\/2021\/08\/Projekt-bez-tytulu63-e1735307092447.png\",\"datePublished\":\"2021-08-31T08:49:13+00:00\",\"dateModified\":\"2023-02-16T15:51:38+00:00\",\"description\":\"Anh\u00e4nger PRONAR T654\/1\u00a0ist eine gr\u00f6\u00dfere Variante des einachsigen Anh\u00e4ngers T654.\",\"breadcrumb\":{\"@id\":\"https:\/\/agrol-moto.pl\/de\/produkt\/anhanger-pronar-t654-1\/#breadcrumb\"},\"inLanguage\":\"de\",\"potentialAction\":[{\"@type\":\"ReadAction\",\"target\":[\"https:\/\/agrol-moto.pl\/de\/produkt\/anhanger-pronar-t654-1\/\"]}]},{\"@type\":\"ImageObject\",\"inLanguage\":\"de\",\"@id\":\"https:\/\/agrol-moto.pl\/de\/produkt\/anhanger-pronar-t654-1\/#primaryimage\",\"url\":\"https:\/\/agrol-moto.pl\/wp-content\/uploads\/2021\/08\/Projekt-bez-tytulu63-e1735307092447.png\",\"contentUrl\":\"https:\/\/agrol-moto.pl\/wp-content\/uploads\/2021\/08\/Projekt-bez-tytulu63-e1735307092447.png\",\"width\":1024,\"height\":768},{\"@type\":\"BreadcrumbList\",\"@id\":\"https:\/\/agrol-moto.pl\/de\/produkt\/anhanger-pronar-t654-1\/#breadcrumb\",\"itemListElement\":[{\"@type\":\"ListItem\",\"position\":1,\"name\":\"Strona g\u0142\u00f3wna\",\"item\":\"https:\/\/agrol-moto.pl\/de\/\"},{\"@type\":\"ListItem\",\"position\":2,\"name\":\"Produkte\",\"item\":\"https:\/\/agrol-moto.pl\/de\/produkte\/\"},{\"@type\":\"ListItem\",\"position\":3,\"name\":\"Anh\u00e4nger PRONAR T654\/1\"}]},{\"@type\":\"WebSite\",\"@id\":\"https:\/\/agrol-moto.pl\/#website\",\"url\":\"https:\/\/agrol-moto.pl\/\",\"name\":\"Agrol\",\"description\":\"\",\"potentialAction\":[{\"@type\":\"SearchAction\",\"target\":{\"@type\":\"EntryPoint\",\"urlTemplate\":\"https:\/\/agrol-moto.pl\/?s={search_term_string}\"},\"query-input\":{\"@type\":\"PropertyValueSpecification\",\"valueRequired\":true,\"valueName\":\"search_term_string\"}}],\"inLanguage\":\"de\"}]}<\/script>\n<!-- \/ Yoast SEO plugin. -->","yoast_head_json":{"title":"Anh\u00e4nger PRONAR T654\/1 - Agrol","description":"Anh\u00e4nger PRONAR T654\/1\u00a0ist eine gr\u00f6\u00dfere Variante des einachsigen Anh\u00e4ngers T654.","robots":{"index":"index","follow":"follow","max-snippet":"max-snippet:-1","max-image-preview":"max-image-preview:large","max-video-preview":"max-video-preview:-1"},"canonical":"https:\/\/agrol-moto.pl\/de\/produkt\/anhanger-pronar-t654-1\/","og_locale":"de_DE","og_type":"article","og_title":"Anh\u00e4nger PRONAR T654\/1 - Agrol","og_description":"Anh\u00e4nger PRONAR T654\/1\u00a0ist eine gr\u00f6\u00dfere Variante des einachsigen Anh\u00e4ngers T654.","og_url":"https:\/\/agrol-moto.pl\/de\/produkt\/anhanger-pronar-t654-1\/","og_site_name":"Agrol","article_publisher":"https:\/\/www.facebook.com\/pphuagrol","article_modified_time":"2023-02-16T15:51:38+00:00","og_image":[{"width":1024,"height":768,"url":"https:\/\/agrol-moto.pl\/wp-content\/uploads\/2021\/08\/Projekt-bez-tytulu63-e1735307092447.png","type":"image\/png"}],"twitter_card":"summary_large_image","schema":{"@context":"https:\/\/schema.org","@graph":[{"@type":"WebPage","@id":"https:\/\/agrol-moto.pl\/de\/produkt\/anhanger-pronar-t654-1\/","url":"https:\/\/agrol-moto.pl\/de\/produkt\/anhanger-pronar-t654-1\/","name":"Anh\u00e4nger PRONAR T654\/1 - Agrol","isPartOf":{"@id":"https:\/\/agrol-moto.pl\/#website"},"primaryImageOfPage":{"@id":"https:\/\/agrol-moto.pl\/de\/produkt\/anhanger-pronar-t654-1\/#primaryimage"},"image":{"@id":"https:\/\/agrol-moto.pl\/de\/produkt\/anhanger-pronar-t654-1\/#primaryimage"},"thumbnailUrl":"https:\/\/agrol-moto.pl\/wp-content\/uploads\/2021\/08\/Projekt-bez-tytulu63-e1735307092447.png","datePublished":"2021-08-31T08:49:13+00:00","dateModified":"2023-02-16T15:51:38+00:00","description":"Anh\u00e4nger PRONAR T654\/1\u00a0ist eine gr\u00f6\u00dfere Variante des einachsigen Anh\u00e4ngers T654.","breadcrumb":{"@id":"https:\/\/agrol-moto.pl\/de\/produkt\/anhanger-pronar-t654-1\/#breadcrumb"},"inLanguage":"de","potentialAction":[{"@type":"ReadAction","target":["https:\/\/agrol-moto.pl\/de\/produkt\/anhanger-pronar-t654-1\/"]}]},{"@type":"ImageObject","inLanguage":"de","@id":"https:\/\/agrol-moto.pl\/de\/produkt\/anhanger-pronar-t654-1\/#primaryimage","url":"https:\/\/agrol-moto.pl\/wp-content\/uploads\/2021\/08\/Projekt-bez-tytulu63-e1735307092447.png","contentUrl":"https:\/\/agrol-moto.pl\/wp-content\/uploads\/2021\/08\/Projekt-bez-tytulu63-e1735307092447.png","width":1024,"height":768},{"@type":"BreadcrumbList","@id":"https:\/\/agrol-moto.pl\/de\/produkt\/anhanger-pronar-t654-1\/#breadcrumb","itemListElement":[{"@type":"ListItem","position":1,"name":"Strona g\u0142\u00f3wna","item":"https:\/\/agrol-moto.pl\/de\/"},{"@type":"ListItem","position":2,"name":"Produkte","item":"https:\/\/agrol-moto.pl\/de\/produkte\/"},{"@type":"ListItem","position":3,"name":"Anh\u00e4nger PRONAR T654\/1"}]},{"@type":"WebSite","@id":"https:\/\/agrol-moto.pl\/#website","url":"https:\/\/agrol-moto.pl\/","name":"Agrol","description":"","potentialAction":[{"@type":"SearchAction","target":{"@type":"EntryPoint","urlTemplate":"https:\/\/agrol-moto.pl\/?s={search_term_string}"},"query-input":{"@type":"PropertyValueSpecification","valueRequired":true,"valueName":"search_term_string"}}],"inLanguage":"de"}]}},"_links":{"self":[{"href":"https:\/\/agrol-moto.pl\/de\/wp-json\/wp\/v2\/product\/6194","targetHints":{"allow":["GET"]}}],"collection":[{"href":"https:\/\/agrol-moto.pl\/de\/wp-json\/wp\/v2\/product"}],"about":[{"href":"https:\/\/agrol-moto.pl\/de\/wp-json\/wp\/v2\/types\/product"}],"wp:featuredmedia":[{"embeddable":true,"href":"https:\/\/agrol-moto.pl\/de\/wp-json\/wp\/v2\/media\/1712"}],"wp:attachment":[{"href":"https:\/\/agrol-moto.pl\/de\/wp-json\/wp\/v2\/media?parent=6194"}],"wp:term":[{"taxonomy":"product_brand","embeddable":true,"href":"https:\/\/agrol-moto.pl\/de\/wp-json\/wp\/v2\/product_brand?post=6194"},{"taxonomy":"product_cat","embeddable":true,"href":"https:\/\/agrol-moto.pl\/de\/wp-json\/wp\/v2\/product_cat?post=6194"},{"taxonomy":"product_tag","embeddable":true,"href":"https:\/\/agrol-moto.pl\/de\/wp-json\/wp\/v2\/product_tag?post=6194"}],"curies":[{"name":"wp","href":"https:\/\/api.w.org\/{rel}","templated":true}]}}