{"id":6190,"date":"2021-08-31T09:25:51","date_gmt":"2021-08-31T07:25:51","guid":{"rendered":"https:\/\/agrol-moto.pl\/produkt\/anhanger-pronar-pt606\/"},"modified":"2023-02-16T16:28:30","modified_gmt":"2023-02-16T15:28:30","slug":"anhanger-pronar-pt606","status":"publish","type":"product","link":"https:\/\/agrol-moto.pl\/de\/produkt\/anhanger-pronar-pt606\/","title":{"rendered":"Anh\u00e4nger PRONAR PT606"},"content":{"rendered":"","protected":false},"excerpt":{"rendered":"<p>Anh\u00e4nger\u00a0<strong>PRONAR PT606\u00a0<\/strong>wurde so konstruiert, dass es den h\u00f6chsten Anspr\u00fcchen entspricht. Es ist vielseitig, langlebig, funktionell und konstruktion robust. Es bewiest sich hervorragend in der Landwirtschaft, wie auch \u2013 und das immer h\u00e4ufiger \u2013 im kommunalen und anderen wirtschaftlichen Bereich. Die Universalit\u00e4t des Anh\u00e4ngers PT606 liegt an der inneren Breite der Ladekiste (2,42m), die den Transport sowohl des Sch\u00fcttmaterials wie auch der Ware auf den Europaletten oder Kistenpaletten zul\u00e4sst. Die Konstruktion des Rahmens des Anh\u00e4ngers besteht aus den geschlossenen Profilen, die im Gegensatz zu den offenen Profilen viel mehr robust sind.<\/p>\n","protected":false},"featured_media":13689,"template":"","meta":{"_acf_changed":false,"inline_featured_image":false},"product_brand":[],"product_cat":[244,245],"product_tag":[],"class_list":{"0":"post-6190","1":"product","2":"type-product","3":"status-publish","4":"has-post-thumbnail","6":"product_cat-anhanger","7":"product_cat-zweiachsige","8":"pa_producent-pronar-de","10":"first","11":"onbackorder","12":"featured","13":"taxable","14":"shipping-taxable","15":"purchasable","16":"product-type-simple"},"acf":[],"yoast_head":"<!-- This site is optimized with the Yoast SEO plugin v26.8 - https:\/\/yoast.com\/product\/yoast-seo-wordpress\/ -->\n<title>Anh\u00e4nger PRONAR PT606 - Agrol<\/title>\n<meta name=\"description\" content=\"Anh\u00e4nger\u00a0PRONAR PT606\u00a0wurde so konstruiert, dass es den h\u00f6chsten Anspr\u00fcchen entspricht.\" \/>\n<meta name=\"robots\" content=\"index, follow, max-snippet:-1, max-image-preview:large, max-video-preview:-1\" \/>\n<link rel=\"canonical\" href=\"https:\/\/agrol-moto.pl\/de\/produkt\/anhanger-pronar-pt606\/\" \/>\n<meta property=\"og:locale\" content=\"de_DE\" \/>\n<meta property=\"og:type\" content=\"article\" \/>\n<meta property=\"og:title\" content=\"Anh\u00e4nger PRONAR PT606 - Agrol\" \/>\n<meta property=\"og:description\" content=\"Anh\u00e4nger\u00a0PRONAR PT606\u00a0wurde so konstruiert, dass es den h\u00f6chsten Anspr\u00fcchen entspricht.\" \/>\n<meta property=\"og:url\" content=\"https:\/\/agrol-moto.pl\/de\/produkt\/anhanger-pronar-pt606\/\" \/>\n<meta property=\"og:site_name\" content=\"Agrol\" \/>\n<meta property=\"article:publisher\" content=\"https:\/\/www.facebook.com\/pphuagrol\" \/>\n<meta property=\"article:modified_time\" content=\"2023-02-16T15:28:30+00:00\" \/>\n<meta property=\"og:image\" content=\"https:\/\/agrol-moto.pl\/wp-content\/uploads\/2021\/08\/Projekt-bez-tytulu61-e1735307494896.png\" \/>\n\t<meta property=\"og:image:width\" content=\"1024\" \/>\n\t<meta property=\"og:image:height\" content=\"768\" \/>\n\t<meta property=\"og:image:type\" content=\"image\/png\" \/>\n<meta name=\"twitter:card\" content=\"summary_large_image\" \/>\n<script type=\"application\/ld+json\" class=\"yoast-schema-graph\">{\"@context\":\"https:\/\/schema.org\",\"@graph\":[{\"@type\":\"WebPage\",\"@id\":\"https:\/\/agrol-moto.pl\/de\/produkt\/anhanger-pronar-pt606\/\",\"url\":\"https:\/\/agrol-moto.pl\/de\/produkt\/anhanger-pronar-pt606\/\",\"name\":\"Anh\u00e4nger PRONAR PT606 - Agrol\",\"isPartOf\":{\"@id\":\"https:\/\/agrol-moto.pl\/#website\"},\"primaryImageOfPage\":{\"@id\":\"https:\/\/agrol-moto.pl\/de\/produkt\/anhanger-pronar-pt606\/#primaryimage\"},\"image\":{\"@id\":\"https:\/\/agrol-moto.pl\/de\/produkt\/anhanger-pronar-pt606\/#primaryimage\"},\"thumbnailUrl\":\"https:\/\/agrol-moto.pl\/wp-content\/uploads\/2026\/02\/Pronar-PT606.png\",\"datePublished\":\"2021-08-31T07:25:51+00:00\",\"dateModified\":\"2023-02-16T15:28:30+00:00\",\"description\":\"Anh\u00e4nger\u00a0PRONAR PT606\u00a0wurde so konstruiert, dass es den h\u00f6chsten Anspr\u00fcchen entspricht.\",\"breadcrumb\":{\"@id\":\"https:\/\/agrol-moto.pl\/de\/produkt\/anhanger-pronar-pt606\/#breadcrumb\"},\"inLanguage\":\"de\",\"potentialAction\":[{\"@type\":\"ReadAction\",\"target\":[\"https:\/\/agrol-moto.pl\/de\/produkt\/anhanger-pronar-pt606\/\"]}]},{\"@type\":\"ImageObject\",\"inLanguage\":\"de\",\"@id\":\"https:\/\/agrol-moto.pl\/de\/produkt\/anhanger-pronar-pt606\/#primaryimage\",\"url\":\"https:\/\/agrol-moto.pl\/wp-content\/uploads\/2026\/02\/Pronar-PT606.png\",\"contentUrl\":\"https:\/\/agrol-moto.pl\/wp-content\/uploads\/2026\/02\/Pronar-PT606.png\",\"width\":801,\"height\":583},{\"@type\":\"BreadcrumbList\",\"@id\":\"https:\/\/agrol-moto.pl\/de\/produkt\/anhanger-pronar-pt606\/#breadcrumb\",\"itemListElement\":[{\"@type\":\"ListItem\",\"position\":1,\"name\":\"Strona g\u0142\u00f3wna\",\"item\":\"https:\/\/agrol-moto.pl\/de\/\"},{\"@type\":\"ListItem\",\"position\":2,\"name\":\"Produkte\",\"item\":\"https:\/\/agrol-moto.pl\/de\/produkte\/\"},{\"@type\":\"ListItem\",\"position\":3,\"name\":\"Anh\u00e4nger PRONAR PT606\"}]},{\"@type\":\"WebSite\",\"@id\":\"https:\/\/agrol-moto.pl\/#website\",\"url\":\"https:\/\/agrol-moto.pl\/\",\"name\":\"Agrol\",\"description\":\"\",\"potentialAction\":[{\"@type\":\"SearchAction\",\"target\":{\"@type\":\"EntryPoint\",\"urlTemplate\":\"https:\/\/agrol-moto.pl\/?s={search_term_string}\"},\"query-input\":{\"@type\":\"PropertyValueSpecification\",\"valueRequired\":true,\"valueName\":\"search_term_string\"}}],\"inLanguage\":\"de\"}]}<\/script>\n<!-- \/ Yoast SEO plugin. -->","yoast_head_json":{"title":"Anh\u00e4nger PRONAR PT606 - Agrol","description":"Anh\u00e4nger\u00a0PRONAR PT606\u00a0wurde so konstruiert, dass es den h\u00f6chsten Anspr\u00fcchen entspricht.","robots":{"index":"index","follow":"follow","max-snippet":"max-snippet:-1","max-image-preview":"max-image-preview:large","max-video-preview":"max-video-preview:-1"},"canonical":"https:\/\/agrol-moto.pl\/de\/produkt\/anhanger-pronar-pt606\/","og_locale":"de_DE","og_type":"article","og_title":"Anh\u00e4nger PRONAR PT606 - Agrol","og_description":"Anh\u00e4nger\u00a0PRONAR PT606\u00a0wurde so konstruiert, dass es den h\u00f6chsten Anspr\u00fcchen entspricht.","og_url":"https:\/\/agrol-moto.pl\/de\/produkt\/anhanger-pronar-pt606\/","og_site_name":"Agrol","article_publisher":"https:\/\/www.facebook.com\/pphuagrol","article_modified_time":"2023-02-16T15:28:30+00:00","og_image":[{"width":1024,"height":768,"url":"https:\/\/agrol-moto.pl\/wp-content\/uploads\/2021\/08\/Projekt-bez-tytulu61-e1735307494896.png","type":"image\/png"}],"twitter_card":"summary_large_image","schema":{"@context":"https:\/\/schema.org","@graph":[{"@type":"WebPage","@id":"https:\/\/agrol-moto.pl\/de\/produkt\/anhanger-pronar-pt606\/","url":"https:\/\/agrol-moto.pl\/de\/produkt\/anhanger-pronar-pt606\/","name":"Anh\u00e4nger PRONAR PT606 - Agrol","isPartOf":{"@id":"https:\/\/agrol-moto.pl\/#website"},"primaryImageOfPage":{"@id":"https:\/\/agrol-moto.pl\/de\/produkt\/anhanger-pronar-pt606\/#primaryimage"},"image":{"@id":"https:\/\/agrol-moto.pl\/de\/produkt\/anhanger-pronar-pt606\/#primaryimage"},"thumbnailUrl":"https:\/\/agrol-moto.pl\/wp-content\/uploads\/2026\/02\/Pronar-PT606.png","datePublished":"2021-08-31T07:25:51+00:00","dateModified":"2023-02-16T15:28:30+00:00","description":"Anh\u00e4nger\u00a0PRONAR PT606\u00a0wurde so konstruiert, dass es den h\u00f6chsten Anspr\u00fcchen entspricht.","breadcrumb":{"@id":"https:\/\/agrol-moto.pl\/de\/produkt\/anhanger-pronar-pt606\/#breadcrumb"},"inLanguage":"de","potentialAction":[{"@type":"ReadAction","target":["https:\/\/agrol-moto.pl\/de\/produkt\/anhanger-pronar-pt606\/"]}]},{"@type":"ImageObject","inLanguage":"de","@id":"https:\/\/agrol-moto.pl\/de\/produkt\/anhanger-pronar-pt606\/#primaryimage","url":"https:\/\/agrol-moto.pl\/wp-content\/uploads\/2026\/02\/Pronar-PT606.png","contentUrl":"https:\/\/agrol-moto.pl\/wp-content\/uploads\/2026\/02\/Pronar-PT606.png","width":801,"height":583},{"@type":"BreadcrumbList","@id":"https:\/\/agrol-moto.pl\/de\/produkt\/anhanger-pronar-pt606\/#breadcrumb","itemListElement":[{"@type":"ListItem","position":1,"name":"Strona g\u0142\u00f3wna","item":"https:\/\/agrol-moto.pl\/de\/"},{"@type":"ListItem","position":2,"name":"Produkte","item":"https:\/\/agrol-moto.pl\/de\/produkte\/"},{"@type":"ListItem","position":3,"name":"Anh\u00e4nger PRONAR PT606"}]},{"@type":"WebSite","@id":"https:\/\/agrol-moto.pl\/#website","url":"https:\/\/agrol-moto.pl\/","name":"Agrol","description":"","potentialAction":[{"@type":"SearchAction","target":{"@type":"EntryPoint","urlTemplate":"https:\/\/agrol-moto.pl\/?s={search_term_string}"},"query-input":{"@type":"PropertyValueSpecification","valueRequired":true,"valueName":"search_term_string"}}],"inLanguage":"de"}]}},"_links":{"self":[{"href":"https:\/\/agrol-moto.pl\/de\/wp-json\/wp\/v2\/product\/6190","targetHints":{"allow":["GET"]}}],"collection":[{"href":"https:\/\/agrol-moto.pl\/de\/wp-json\/wp\/v2\/product"}],"about":[{"href":"https:\/\/agrol-moto.pl\/de\/wp-json\/wp\/v2\/types\/product"}],"wp:featuredmedia":[{"embeddable":true,"href":"https:\/\/agrol-moto.pl\/de\/wp-json\/wp\/v2\/media\/13689"}],"wp:attachment":[{"href":"https:\/\/agrol-moto.pl\/de\/wp-json\/wp\/v2\/media?parent=6190"}],"wp:term":[{"taxonomy":"product_brand","embeddable":true,"href":"https:\/\/agrol-moto.pl\/de\/wp-json\/wp\/v2\/product_brand?post=6190"},{"taxonomy":"product_cat","embeddable":true,"href":"https:\/\/agrol-moto.pl\/de\/wp-json\/wp\/v2\/product_cat?post=6190"},{"taxonomy":"product_tag","embeddable":true,"href":"https:\/\/agrol-moto.pl\/de\/wp-json\/wp\/v2\/product_tag?post=6190"}],"curies":[{"name":"wp","href":"https:\/\/api.w.org\/{rel}","templated":true}]}}