{"id":6186,"date":"2021-08-31T08:25:14","date_gmt":"2021-08-31T06:25:14","guid":{"rendered":"https:\/\/agrol-moto.pl\/produkt\/anhanger-pronar-pt612\/"},"modified":"2021-08-31T08:25:14","modified_gmt":"2021-08-31T06:25:14","slug":"anhanger-pronar-pt612","status":"publish","type":"product","link":"https:\/\/agrol-moto.pl\/de\/produkt\/anhanger-pronar-pt612\/","title":{"rendered":"Anh\u00e4nger PRONAR PT612"},"content":{"rendered":"","protected":false},"excerpt":{"rendered":"<p>In dem Anh\u00e4nger\u00a0<strong>PRONAR PT612\u00a0<\/strong>wird eine Landekiste mit einer starken Bodenplattform verbaut, und die robuste Profilbordw\u00e4nde verf\u00fcgen \u00fcber eine zentrale Verriegelung. Der PT612 verf\u00fcgt \u00fcber ein Dreiseitenkippsystem. Die Auslaufgosse in der R\u00fcckwand erleichtert das Entladen des Materials wie Sch\u00fcttg\u00fcter (z.B. Sand). Die Distanz zwischen der Ladeplattform und dem Boden (zwischen 1142mm und 1270mm) macht die Verladung problemlos. Die Verwendung der geschlossenen Profile garantiert die Langlebigkeit der ganzen Konstruktion.<\/p>\n","protected":false},"featured_media":13707,"template":"","meta":{"_acf_changed":false,"inline_featured_image":false},"product_brand":[],"product_cat":[244,245],"product_tag":[],"class_list":{"0":"post-6186","1":"product","2":"type-product","3":"status-publish","4":"has-post-thumbnail","6":"product_cat-anhanger","7":"product_cat-zweiachsige","8":"pa_producent-pronar-de","10":"first","11":"onbackorder","12":"taxable","13":"shipping-taxable","14":"purchasable","15":"product-type-simple"},"acf":[],"yoast_head":"<!-- This site is optimized with the Yoast SEO plugin v26.8 - https:\/\/yoast.com\/product\/yoast-seo-wordpress\/ -->\n<title>Anh\u00e4nger PRONAR PT612 - Agrol<\/title>\n<meta name=\"description\" content=\"In dem Anh\u00e4nger\u00a0PRONAR PT612\u00a0wird eine Landekiste mit einer starken Bodenplattform verbaut, und die robuste Profilbordw\u00e4nde verf\u00fcgen \u00fcber eine zentrale Verriegelung.\" \/>\n<meta name=\"robots\" content=\"index, follow, max-snippet:-1, max-image-preview:large, max-video-preview:-1\" \/>\n<link rel=\"canonical\" href=\"https:\/\/agrol-moto.pl\/de\/produkt\/anhanger-pronar-pt612\/\" \/>\n<meta property=\"og:locale\" content=\"de_DE\" \/>\n<meta property=\"og:type\" content=\"article\" \/>\n<meta property=\"og:title\" content=\"Anh\u00e4nger PRONAR PT612 - Agrol\" \/>\n<meta property=\"og:description\" content=\"In dem Anh\u00e4nger\u00a0PRONAR PT612\u00a0wird eine Landekiste mit einer starken Bodenplattform verbaut, und die robuste Profilbordw\u00e4nde verf\u00fcgen \u00fcber eine zentrale Verriegelung.\" \/>\n<meta property=\"og:url\" content=\"https:\/\/agrol-moto.pl\/de\/produkt\/anhanger-pronar-pt612\/\" \/>\n<meta property=\"og:site_name\" content=\"Agrol\" \/>\n<meta property=\"article:publisher\" content=\"https:\/\/www.facebook.com\/pphuagrol\" \/>\n<meta property=\"og:image\" content=\"https:\/\/agrol-moto.pl\/wp-content\/uploads\/2021\/08\/Projekt-bez-tytulu48-e1735915435691.png\" \/>\n\t<meta property=\"og:image:width\" content=\"1024\" \/>\n\t<meta property=\"og:image:height\" content=\"768\" \/>\n\t<meta property=\"og:image:type\" content=\"image\/png\" \/>\n<meta name=\"twitter:card\" content=\"summary_large_image\" \/>\n<script type=\"application\/ld+json\" class=\"yoast-schema-graph\">{\"@context\":\"https:\/\/schema.org\",\"@graph\":[{\"@type\":\"WebPage\",\"@id\":\"https:\/\/agrol-moto.pl\/de\/produkt\/anhanger-pronar-pt612\/\",\"url\":\"https:\/\/agrol-moto.pl\/de\/produkt\/anhanger-pronar-pt612\/\",\"name\":\"Anh\u00e4nger PRONAR PT612 - Agrol\",\"isPartOf\":{\"@id\":\"https:\/\/agrol-moto.pl\/#website\"},\"primaryImageOfPage\":{\"@id\":\"https:\/\/agrol-moto.pl\/de\/produkt\/anhanger-pronar-pt612\/#primaryimage\"},\"image\":{\"@id\":\"https:\/\/agrol-moto.pl\/de\/produkt\/anhanger-pronar-pt612\/#primaryimage\"},\"thumbnailUrl\":\"https:\/\/agrol-moto.pl\/wp-content\/uploads\/2026\/02\/Pronar-PT-612.png\",\"datePublished\":\"2021-08-31T06:25:14+00:00\",\"description\":\"In dem Anh\u00e4nger\u00a0PRONAR PT612\u00a0wird eine Landekiste mit einer starken Bodenplattform verbaut, und die robuste Profilbordw\u00e4nde verf\u00fcgen \u00fcber eine zentrale Verriegelung.\",\"breadcrumb\":{\"@id\":\"https:\/\/agrol-moto.pl\/de\/produkt\/anhanger-pronar-pt612\/#breadcrumb\"},\"inLanguage\":\"de\",\"potentialAction\":[{\"@type\":\"ReadAction\",\"target\":[\"https:\/\/agrol-moto.pl\/de\/produkt\/anhanger-pronar-pt612\/\"]}]},{\"@type\":\"ImageObject\",\"inLanguage\":\"de\",\"@id\":\"https:\/\/agrol-moto.pl\/de\/produkt\/anhanger-pronar-pt612\/#primaryimage\",\"url\":\"https:\/\/agrol-moto.pl\/wp-content\/uploads\/2026\/02\/Pronar-PT-612.png\",\"contentUrl\":\"https:\/\/agrol-moto.pl\/wp-content\/uploads\/2026\/02\/Pronar-PT-612.png\",\"width\":770,\"height\":592},{\"@type\":\"BreadcrumbList\",\"@id\":\"https:\/\/agrol-moto.pl\/de\/produkt\/anhanger-pronar-pt612\/#breadcrumb\",\"itemListElement\":[{\"@type\":\"ListItem\",\"position\":1,\"name\":\"Strona g\u0142\u00f3wna\",\"item\":\"https:\/\/agrol-moto.pl\/de\/\"},{\"@type\":\"ListItem\",\"position\":2,\"name\":\"Produkte\",\"item\":\"https:\/\/agrol-moto.pl\/de\/produkte\/\"},{\"@type\":\"ListItem\",\"position\":3,\"name\":\"Anh\u00e4nger PRONAR PT612\"}]},{\"@type\":\"WebSite\",\"@id\":\"https:\/\/agrol-moto.pl\/#website\",\"url\":\"https:\/\/agrol-moto.pl\/\",\"name\":\"Agrol\",\"description\":\"\",\"potentialAction\":[{\"@type\":\"SearchAction\",\"target\":{\"@type\":\"EntryPoint\",\"urlTemplate\":\"https:\/\/agrol-moto.pl\/?s={search_term_string}\"},\"query-input\":{\"@type\":\"PropertyValueSpecification\",\"valueRequired\":true,\"valueName\":\"search_term_string\"}}],\"inLanguage\":\"de\"}]}<\/script>\n<!-- \/ Yoast SEO plugin. -->","yoast_head_json":{"title":"Anh\u00e4nger PRONAR PT612 - Agrol","description":"In dem Anh\u00e4nger\u00a0PRONAR PT612\u00a0wird eine Landekiste mit einer starken Bodenplattform verbaut, und die robuste Profilbordw\u00e4nde verf\u00fcgen \u00fcber eine zentrale Verriegelung.","robots":{"index":"index","follow":"follow","max-snippet":"max-snippet:-1","max-image-preview":"max-image-preview:large","max-video-preview":"max-video-preview:-1"},"canonical":"https:\/\/agrol-moto.pl\/de\/produkt\/anhanger-pronar-pt612\/","og_locale":"de_DE","og_type":"article","og_title":"Anh\u00e4nger PRONAR PT612 - Agrol","og_description":"In dem Anh\u00e4nger\u00a0PRONAR PT612\u00a0wird eine Landekiste mit einer starken Bodenplattform verbaut, und die robuste Profilbordw\u00e4nde verf\u00fcgen \u00fcber eine zentrale Verriegelung.","og_url":"https:\/\/agrol-moto.pl\/de\/produkt\/anhanger-pronar-pt612\/","og_site_name":"Agrol","article_publisher":"https:\/\/www.facebook.com\/pphuagrol","og_image":[{"width":1024,"height":768,"url":"https:\/\/agrol-moto.pl\/wp-content\/uploads\/2021\/08\/Projekt-bez-tytulu48-e1735915435691.png","type":"image\/png"}],"twitter_card":"summary_large_image","schema":{"@context":"https:\/\/schema.org","@graph":[{"@type":"WebPage","@id":"https:\/\/agrol-moto.pl\/de\/produkt\/anhanger-pronar-pt612\/","url":"https:\/\/agrol-moto.pl\/de\/produkt\/anhanger-pronar-pt612\/","name":"Anh\u00e4nger PRONAR PT612 - Agrol","isPartOf":{"@id":"https:\/\/agrol-moto.pl\/#website"},"primaryImageOfPage":{"@id":"https:\/\/agrol-moto.pl\/de\/produkt\/anhanger-pronar-pt612\/#primaryimage"},"image":{"@id":"https:\/\/agrol-moto.pl\/de\/produkt\/anhanger-pronar-pt612\/#primaryimage"},"thumbnailUrl":"https:\/\/agrol-moto.pl\/wp-content\/uploads\/2026\/02\/Pronar-PT-612.png","datePublished":"2021-08-31T06:25:14+00:00","description":"In dem Anh\u00e4nger\u00a0PRONAR PT612\u00a0wird eine Landekiste mit einer starken Bodenplattform verbaut, und die robuste Profilbordw\u00e4nde verf\u00fcgen \u00fcber eine zentrale Verriegelung.","breadcrumb":{"@id":"https:\/\/agrol-moto.pl\/de\/produkt\/anhanger-pronar-pt612\/#breadcrumb"},"inLanguage":"de","potentialAction":[{"@type":"ReadAction","target":["https:\/\/agrol-moto.pl\/de\/produkt\/anhanger-pronar-pt612\/"]}]},{"@type":"ImageObject","inLanguage":"de","@id":"https:\/\/agrol-moto.pl\/de\/produkt\/anhanger-pronar-pt612\/#primaryimage","url":"https:\/\/agrol-moto.pl\/wp-content\/uploads\/2026\/02\/Pronar-PT-612.png","contentUrl":"https:\/\/agrol-moto.pl\/wp-content\/uploads\/2026\/02\/Pronar-PT-612.png","width":770,"height":592},{"@type":"BreadcrumbList","@id":"https:\/\/agrol-moto.pl\/de\/produkt\/anhanger-pronar-pt612\/#breadcrumb","itemListElement":[{"@type":"ListItem","position":1,"name":"Strona g\u0142\u00f3wna","item":"https:\/\/agrol-moto.pl\/de\/"},{"@type":"ListItem","position":2,"name":"Produkte","item":"https:\/\/agrol-moto.pl\/de\/produkte\/"},{"@type":"ListItem","position":3,"name":"Anh\u00e4nger PRONAR PT612"}]},{"@type":"WebSite","@id":"https:\/\/agrol-moto.pl\/#website","url":"https:\/\/agrol-moto.pl\/","name":"Agrol","description":"","potentialAction":[{"@type":"SearchAction","target":{"@type":"EntryPoint","urlTemplate":"https:\/\/agrol-moto.pl\/?s={search_term_string}"},"query-input":{"@type":"PropertyValueSpecification","valueRequired":true,"valueName":"search_term_string"}}],"inLanguage":"de"}]}},"_links":{"self":[{"href":"https:\/\/agrol-moto.pl\/de\/wp-json\/wp\/v2\/product\/6186","targetHints":{"allow":["GET"]}}],"collection":[{"href":"https:\/\/agrol-moto.pl\/de\/wp-json\/wp\/v2\/product"}],"about":[{"href":"https:\/\/agrol-moto.pl\/de\/wp-json\/wp\/v2\/types\/product"}],"wp:featuredmedia":[{"embeddable":true,"href":"https:\/\/agrol-moto.pl\/de\/wp-json\/wp\/v2\/media\/13707"}],"wp:attachment":[{"href":"https:\/\/agrol-moto.pl\/de\/wp-json\/wp\/v2\/media?parent=6186"}],"wp:term":[{"taxonomy":"product_brand","embeddable":true,"href":"https:\/\/agrol-moto.pl\/de\/wp-json\/wp\/v2\/product_brand?post=6186"},{"taxonomy":"product_cat","embeddable":true,"href":"https:\/\/agrol-moto.pl\/de\/wp-json\/wp\/v2\/product_cat?post=6186"},{"taxonomy":"product_tag","embeddable":true,"href":"https:\/\/agrol-moto.pl\/de\/wp-json\/wp\/v2\/product_tag?post=6186"}],"curies":[{"name":"wp","href":"https:\/\/api.w.org\/{rel}","templated":true}]}}