{"id":6184,"date":"2021-08-30T16:45:59","date_gmt":"2021-08-30T14:45:59","guid":{"rendered":"https:\/\/agrol-moto.pl\/produkt\/anhanger-pronar-pt610\/"},"modified":"2023-02-16T15:36:02","modified_gmt":"2023-02-16T14:36:02","slug":"anhanger-pronar-pt610","status":"publish","type":"product","link":"https:\/\/agrol-moto.pl\/de\/produkt\/anhanger-pronar-pt610\/","title":{"rendered":"Anh\u00e4nger PRONAR PT610"},"content":{"rendered":"","protected":false},"excerpt":{"rendered":"<p>Anh\u00e4nger\u00a0<strong>PRONAR PT610\u00a0<\/strong>ist ein Anh\u00e4nger mit einer viereckigen Ladekiste, die f\u00fcr den Transport der Europaletten geeignet ist. Dieser findet Anwendung im Transport der Kisten von Landwirtschafsbetrieb zum Aufbewahrungsort oder zum Umschlagsplatz, wie auch bei dem Transport der Ballen mit der Breite vom 1,2m. Eine passende Form der Ladekiste erm\u00f6glicht den Transport sowohl der Sch\u00fcttmaterialen, wie auch den \u00fcbrigen G\u00fcter.<\/p>\n","protected":false},"featured_media":12585,"template":"","meta":{"_acf_changed":false,"inline_featured_image":false},"product_brand":[],"product_cat":[244,245],"product_tag":[],"class_list":{"0":"post-6184","1":"product","2":"type-product","3":"status-publish","4":"has-post-thumbnail","6":"product_cat-anhanger","7":"product_cat-zweiachsige","8":"pa_producent-pronar-de","10":"first","11":"onbackorder","12":"taxable","13":"shipping-taxable","14":"purchasable","15":"product-type-simple"},"acf":[],"yoast_head":"<!-- This site is optimized with the Yoast SEO plugin v26.8 - https:\/\/yoast.com\/product\/yoast-seo-wordpress\/ -->\n<title>Anh\u00e4nger PRONAR PT610 - Agrol<\/title>\n<meta name=\"description\" content=\"Anh\u00e4nger\u00a0PRONAR PT610\u00a0ist ein Anh\u00e4nger mit einer viereckigen Ladekiste, die f\u00fcr den Transport der Europaletten geeignet ist.\" \/>\n<meta name=\"robots\" content=\"index, follow, max-snippet:-1, max-image-preview:large, max-video-preview:-1\" \/>\n<link rel=\"canonical\" href=\"https:\/\/agrol-moto.pl\/de\/produkt\/anhanger-pronar-pt610\/\" \/>\n<meta property=\"og:locale\" content=\"de_DE\" \/>\n<meta property=\"og:type\" content=\"article\" \/>\n<meta property=\"og:title\" content=\"Anh\u00e4nger PRONAR PT610 - Agrol\" \/>\n<meta property=\"og:description\" content=\"Anh\u00e4nger\u00a0PRONAR PT610\u00a0ist ein Anh\u00e4nger mit einer viereckigen Ladekiste, die f\u00fcr den Transport der Europaletten geeignet ist.\" \/>\n<meta property=\"og:url\" content=\"https:\/\/agrol-moto.pl\/de\/produkt\/anhanger-pronar-pt610\/\" \/>\n<meta property=\"og:site_name\" content=\"Agrol\" \/>\n<meta property=\"article:publisher\" content=\"https:\/\/www.facebook.com\/pphuagrol\" \/>\n<meta property=\"article:modified_time\" content=\"2023-02-16T14:36:02+00:00\" \/>\n<meta property=\"og:image\" content=\"https:\/\/agrol-moto.pl\/wp-content\/uploads\/2021\/08\/Projekt-bez-tytulu59-e1735915315382.png\" \/>\n\t<meta property=\"og:image:width\" content=\"1024\" \/>\n\t<meta property=\"og:image:height\" content=\"768\" \/>\n\t<meta property=\"og:image:type\" content=\"image\/png\" \/>\n<meta name=\"twitter:card\" content=\"summary_large_image\" \/>\n<script type=\"application\/ld+json\" class=\"yoast-schema-graph\">{\"@context\":\"https:\/\/schema.org\",\"@graph\":[{\"@type\":\"WebPage\",\"@id\":\"https:\/\/agrol-moto.pl\/de\/produkt\/anhanger-pronar-pt610\/\",\"url\":\"https:\/\/agrol-moto.pl\/de\/produkt\/anhanger-pronar-pt610\/\",\"name\":\"Anh\u00e4nger PRONAR PT610 - Agrol\",\"isPartOf\":{\"@id\":\"https:\/\/agrol-moto.pl\/#website\"},\"primaryImageOfPage\":{\"@id\":\"https:\/\/agrol-moto.pl\/de\/produkt\/anhanger-pronar-pt610\/#primaryimage\"},\"image\":{\"@id\":\"https:\/\/agrol-moto.pl\/de\/produkt\/anhanger-pronar-pt610\/#primaryimage\"},\"thumbnailUrl\":\"https:\/\/agrol-moto.pl\/wp-content\/uploads\/2025\/11\/PT610.png\",\"datePublished\":\"2021-08-30T14:45:59+00:00\",\"dateModified\":\"2023-02-16T14:36:02+00:00\",\"description\":\"Anh\u00e4nger\u00a0PRONAR PT610\u00a0ist ein Anh\u00e4nger mit einer viereckigen Ladekiste, die f\u00fcr den Transport der Europaletten geeignet ist.\",\"breadcrumb\":{\"@id\":\"https:\/\/agrol-moto.pl\/de\/produkt\/anhanger-pronar-pt610\/#breadcrumb\"},\"inLanguage\":\"de\",\"potentialAction\":[{\"@type\":\"ReadAction\",\"target\":[\"https:\/\/agrol-moto.pl\/de\/produkt\/anhanger-pronar-pt610\/\"]}]},{\"@type\":\"ImageObject\",\"inLanguage\":\"de\",\"@id\":\"https:\/\/agrol-moto.pl\/de\/produkt\/anhanger-pronar-pt610\/#primaryimage\",\"url\":\"https:\/\/agrol-moto.pl\/wp-content\/uploads\/2025\/11\/PT610.png\",\"contentUrl\":\"https:\/\/agrol-moto.pl\/wp-content\/uploads\/2025\/11\/PT610.png\",\"width\":2048,\"height\":1365},{\"@type\":\"BreadcrumbList\",\"@id\":\"https:\/\/agrol-moto.pl\/de\/produkt\/anhanger-pronar-pt610\/#breadcrumb\",\"itemListElement\":[{\"@type\":\"ListItem\",\"position\":1,\"name\":\"Strona g\u0142\u00f3wna\",\"item\":\"https:\/\/agrol-moto.pl\/de\/\"},{\"@type\":\"ListItem\",\"position\":2,\"name\":\"Produkte\",\"item\":\"https:\/\/agrol-moto.pl\/de\/produkte\/\"},{\"@type\":\"ListItem\",\"position\":3,\"name\":\"Anh\u00e4nger PRONAR PT610\"}]},{\"@type\":\"WebSite\",\"@id\":\"https:\/\/agrol-moto.pl\/#website\",\"url\":\"https:\/\/agrol-moto.pl\/\",\"name\":\"Agrol\",\"description\":\"\",\"potentialAction\":[{\"@type\":\"SearchAction\",\"target\":{\"@type\":\"EntryPoint\",\"urlTemplate\":\"https:\/\/agrol-moto.pl\/?s={search_term_string}\"},\"query-input\":{\"@type\":\"PropertyValueSpecification\",\"valueRequired\":true,\"valueName\":\"search_term_string\"}}],\"inLanguage\":\"de\"}]}<\/script>\n<!-- \/ Yoast SEO plugin. -->","yoast_head_json":{"title":"Anh\u00e4nger PRONAR PT610 - Agrol","description":"Anh\u00e4nger\u00a0PRONAR PT610\u00a0ist ein Anh\u00e4nger mit einer viereckigen Ladekiste, die f\u00fcr den Transport der Europaletten geeignet ist.","robots":{"index":"index","follow":"follow","max-snippet":"max-snippet:-1","max-image-preview":"max-image-preview:large","max-video-preview":"max-video-preview:-1"},"canonical":"https:\/\/agrol-moto.pl\/de\/produkt\/anhanger-pronar-pt610\/","og_locale":"de_DE","og_type":"article","og_title":"Anh\u00e4nger PRONAR PT610 - Agrol","og_description":"Anh\u00e4nger\u00a0PRONAR PT610\u00a0ist ein Anh\u00e4nger mit einer viereckigen Ladekiste, die f\u00fcr den Transport der Europaletten geeignet ist.","og_url":"https:\/\/agrol-moto.pl\/de\/produkt\/anhanger-pronar-pt610\/","og_site_name":"Agrol","article_publisher":"https:\/\/www.facebook.com\/pphuagrol","article_modified_time":"2023-02-16T14:36:02+00:00","og_image":[{"width":1024,"height":768,"url":"https:\/\/agrol-moto.pl\/wp-content\/uploads\/2021\/08\/Projekt-bez-tytulu59-e1735915315382.png","type":"image\/png"}],"twitter_card":"summary_large_image","schema":{"@context":"https:\/\/schema.org","@graph":[{"@type":"WebPage","@id":"https:\/\/agrol-moto.pl\/de\/produkt\/anhanger-pronar-pt610\/","url":"https:\/\/agrol-moto.pl\/de\/produkt\/anhanger-pronar-pt610\/","name":"Anh\u00e4nger PRONAR PT610 - Agrol","isPartOf":{"@id":"https:\/\/agrol-moto.pl\/#website"},"primaryImageOfPage":{"@id":"https:\/\/agrol-moto.pl\/de\/produkt\/anhanger-pronar-pt610\/#primaryimage"},"image":{"@id":"https:\/\/agrol-moto.pl\/de\/produkt\/anhanger-pronar-pt610\/#primaryimage"},"thumbnailUrl":"https:\/\/agrol-moto.pl\/wp-content\/uploads\/2025\/11\/PT610.png","datePublished":"2021-08-30T14:45:59+00:00","dateModified":"2023-02-16T14:36:02+00:00","description":"Anh\u00e4nger\u00a0PRONAR PT610\u00a0ist ein Anh\u00e4nger mit einer viereckigen Ladekiste, die f\u00fcr den Transport der Europaletten geeignet ist.","breadcrumb":{"@id":"https:\/\/agrol-moto.pl\/de\/produkt\/anhanger-pronar-pt610\/#breadcrumb"},"inLanguage":"de","potentialAction":[{"@type":"ReadAction","target":["https:\/\/agrol-moto.pl\/de\/produkt\/anhanger-pronar-pt610\/"]}]},{"@type":"ImageObject","inLanguage":"de","@id":"https:\/\/agrol-moto.pl\/de\/produkt\/anhanger-pronar-pt610\/#primaryimage","url":"https:\/\/agrol-moto.pl\/wp-content\/uploads\/2025\/11\/PT610.png","contentUrl":"https:\/\/agrol-moto.pl\/wp-content\/uploads\/2025\/11\/PT610.png","width":2048,"height":1365},{"@type":"BreadcrumbList","@id":"https:\/\/agrol-moto.pl\/de\/produkt\/anhanger-pronar-pt610\/#breadcrumb","itemListElement":[{"@type":"ListItem","position":1,"name":"Strona g\u0142\u00f3wna","item":"https:\/\/agrol-moto.pl\/de\/"},{"@type":"ListItem","position":2,"name":"Produkte","item":"https:\/\/agrol-moto.pl\/de\/produkte\/"},{"@type":"ListItem","position":3,"name":"Anh\u00e4nger PRONAR PT610"}]},{"@type":"WebSite","@id":"https:\/\/agrol-moto.pl\/#website","url":"https:\/\/agrol-moto.pl\/","name":"Agrol","description":"","potentialAction":[{"@type":"SearchAction","target":{"@type":"EntryPoint","urlTemplate":"https:\/\/agrol-moto.pl\/?s={search_term_string}"},"query-input":{"@type":"PropertyValueSpecification","valueRequired":true,"valueName":"search_term_string"}}],"inLanguage":"de"}]}},"_links":{"self":[{"href":"https:\/\/agrol-moto.pl\/de\/wp-json\/wp\/v2\/product\/6184","targetHints":{"allow":["GET"]}}],"collection":[{"href":"https:\/\/agrol-moto.pl\/de\/wp-json\/wp\/v2\/product"}],"about":[{"href":"https:\/\/agrol-moto.pl\/de\/wp-json\/wp\/v2\/types\/product"}],"wp:featuredmedia":[{"embeddable":true,"href":"https:\/\/agrol-moto.pl\/de\/wp-json\/wp\/v2\/media\/12585"}],"wp:attachment":[{"href":"https:\/\/agrol-moto.pl\/de\/wp-json\/wp\/v2\/media?parent=6184"}],"wp:term":[{"taxonomy":"product_brand","embeddable":true,"href":"https:\/\/agrol-moto.pl\/de\/wp-json\/wp\/v2\/product_brand?post=6184"},{"taxonomy":"product_cat","embeddable":true,"href":"https:\/\/agrol-moto.pl\/de\/wp-json\/wp\/v2\/product_cat?post=6184"},{"taxonomy":"product_tag","embeddable":true,"href":"https:\/\/agrol-moto.pl\/de\/wp-json\/wp\/v2\/product_tag?post=6184"}],"curies":[{"name":"wp","href":"https:\/\/api.w.org\/{rel}","templated":true}]}}