{"id":3405,"date":"2021-08-31T15:05:46","date_gmt":"2021-08-31T13:05:46","guid":{"rendered":"https:\/\/agrol-moto.pl\/produkt\/lader-inter-tech-it-1600-l\/"},"modified":"2023-02-17T12:38:21","modified_gmt":"2023-02-17T11:38:21","slug":"lader-inter-tech-it-1600-l","status":"publish","type":"product","link":"https:\/\/agrol-moto.pl\/de\/produkt\/lader-inter-tech-it-1600-l\/","title":{"rendered":"Lader INTER-TECH IT 1600\/L"},"content":{"rendered":"","protected":false},"excerpt":{"rendered":"<p>Ein Frontlader ist eine landwirtschaftliche Maschine, die an den Rahmen eines landwirtschaftlichen Schleppers angebaut wird. Die Maschine wird zum Be- und Entladen von Materialien wie Sand, Kies, Minerald\u00fcnger, Kalk, G\u00fclle, R\u00fcben, Kartoffeln, Stroh oder Heu eingesetzt.<\/p>\n","protected":false},"featured_media":11774,"template":"","meta":{"_acf_changed":false,"inline_featured_image":false},"product_brand":[],"product_cat":[269,267],"product_tag":[],"class_list":{"0":"post-3405","1":"product","2":"type-product","3":"status-publish","4":"has-post-thumbnail","6":"product_cat-ab-1000-kg","7":"product_cat-frontlader","8":"pa_producent-inter-tech-de","10":"first","11":"instock","12":"taxable","13":"shipping-taxable","14":"purchasable","15":"product-type-variable"},"acf":[],"yoast_head":"<!-- This site is optimized with the Yoast SEO plugin v26.8 - https:\/\/yoast.com\/product\/yoast-seo-wordpress\/ -->\n<title>Lader INTER-TECH IT 1600\/L - Agrol<\/title>\n<meta name=\"description\" content=\"Ein Frontlader ist eine landwirtschaftliche Maschine, die an den Rahmen eines landwirtschaftlichen Schleppers angebaut wird.\" \/>\n<meta name=\"robots\" content=\"index, follow, max-snippet:-1, max-image-preview:large, max-video-preview:-1\" \/>\n<link rel=\"canonical\" href=\"https:\/\/agrol-moto.pl\/de\/produkt\/lader-inter-tech-it-1600-l\/\" \/>\n<meta property=\"og:locale\" content=\"de_DE\" \/>\n<meta property=\"og:type\" content=\"article\" \/>\n<meta property=\"og:title\" content=\"Lader INTER-TECH IT 1600\/L - Agrol\" \/>\n<meta property=\"og:description\" content=\"Ein Frontlader ist eine landwirtschaftliche Maschine, die an den Rahmen eines landwirtschaftlichen Schleppers angebaut wird.\" \/>\n<meta property=\"og:url\" content=\"https:\/\/agrol-moto.pl\/de\/produkt\/lader-inter-tech-it-1600-l\/\" \/>\n<meta property=\"og:site_name\" content=\"Agrol\" \/>\n<meta property=\"article:publisher\" content=\"https:\/\/www.facebook.com\/pphuagrol\" \/>\n<meta property=\"article:modified_time\" content=\"2023-02-17T11:38:21+00:00\" \/>\n<meta property=\"og:image\" content=\"https:\/\/agrol-moto.pl\/wp-content\/uploads\/2025\/10\/IT-1600L-1110x740.png\" \/>\n\t<meta property=\"og:image:width\" content=\"1110\" \/>\n\t<meta property=\"og:image:height\" content=\"740\" \/>\n\t<meta property=\"og:image:type\" content=\"image\/png\" \/>\n<meta name=\"twitter:card\" content=\"summary_large_image\" \/>\n<script type=\"application\/ld+json\" class=\"yoast-schema-graph\">{\"@context\":\"https:\/\/schema.org\",\"@graph\":[{\"@type\":\"WebPage\",\"@id\":\"https:\/\/agrol-moto.pl\/de\/produkt\/lader-inter-tech-it-1600-l\/\",\"url\":\"https:\/\/agrol-moto.pl\/de\/produkt\/lader-inter-tech-it-1600-l\/\",\"name\":\"Lader INTER-TECH IT 1600\/L - Agrol\",\"isPartOf\":{\"@id\":\"https:\/\/agrol-moto.pl\/#website\"},\"primaryImageOfPage\":{\"@id\":\"https:\/\/agrol-moto.pl\/de\/produkt\/lader-inter-tech-it-1600-l\/#primaryimage\"},\"image\":{\"@id\":\"https:\/\/agrol-moto.pl\/de\/produkt\/lader-inter-tech-it-1600-l\/#primaryimage\"},\"thumbnailUrl\":\"https:\/\/agrol-moto.pl\/wp-content\/uploads\/2025\/10\/IT-1600L.png\",\"datePublished\":\"2021-08-31T13:05:46+00:00\",\"dateModified\":\"2023-02-17T11:38:21+00:00\",\"description\":\"Ein Frontlader ist eine landwirtschaftliche Maschine, die an den Rahmen eines landwirtschaftlichen Schleppers angebaut wird.\",\"breadcrumb\":{\"@id\":\"https:\/\/agrol-moto.pl\/de\/produkt\/lader-inter-tech-it-1600-l\/#breadcrumb\"},\"inLanguage\":\"de\",\"potentialAction\":[{\"@type\":\"ReadAction\",\"target\":[\"https:\/\/agrol-moto.pl\/de\/produkt\/lader-inter-tech-it-1600-l\/\"]}]},{\"@type\":\"ImageObject\",\"inLanguage\":\"de\",\"@id\":\"https:\/\/agrol-moto.pl\/de\/produkt\/lader-inter-tech-it-1600-l\/#primaryimage\",\"url\":\"https:\/\/agrol-moto.pl\/wp-content\/uploads\/2025\/10\/IT-1600L.png\",\"contentUrl\":\"https:\/\/agrol-moto.pl\/wp-content\/uploads\/2025\/10\/IT-1600L.png\",\"width\":2048,\"height\":1365},{\"@type\":\"BreadcrumbList\",\"@id\":\"https:\/\/agrol-moto.pl\/de\/produkt\/lader-inter-tech-it-1600-l\/#breadcrumb\",\"itemListElement\":[{\"@type\":\"ListItem\",\"position\":1,\"name\":\"Strona g\u0142\u00f3wna\",\"item\":\"https:\/\/agrol-moto.pl\/de\/\"},{\"@type\":\"ListItem\",\"position\":2,\"name\":\"Produkte\",\"item\":\"https:\/\/agrol-moto.pl\/de\/produkte\/\"},{\"@type\":\"ListItem\",\"position\":3,\"name\":\"Lader INTER-TECH IT 1600\/L\"}]},{\"@type\":\"WebSite\",\"@id\":\"https:\/\/agrol-moto.pl\/#website\",\"url\":\"https:\/\/agrol-moto.pl\/\",\"name\":\"Agrol\",\"description\":\"\",\"potentialAction\":[{\"@type\":\"SearchAction\",\"target\":{\"@type\":\"EntryPoint\",\"urlTemplate\":\"https:\/\/agrol-moto.pl\/?s={search_term_string}\"},\"query-input\":{\"@type\":\"PropertyValueSpecification\",\"valueRequired\":true,\"valueName\":\"search_term_string\"}}],\"inLanguage\":\"de\"}]}<\/script>\n<!-- \/ Yoast SEO plugin. -->","yoast_head_json":{"title":"Lader INTER-TECH IT 1600\/L - Agrol","description":"Ein Frontlader ist eine landwirtschaftliche Maschine, die an den Rahmen eines landwirtschaftlichen Schleppers angebaut wird.","robots":{"index":"index","follow":"follow","max-snippet":"max-snippet:-1","max-image-preview":"max-image-preview:large","max-video-preview":"max-video-preview:-1"},"canonical":"https:\/\/agrol-moto.pl\/de\/produkt\/lader-inter-tech-it-1600-l\/","og_locale":"de_DE","og_type":"article","og_title":"Lader INTER-TECH IT 1600\/L - Agrol","og_description":"Ein Frontlader ist eine landwirtschaftliche Maschine, die an den Rahmen eines landwirtschaftlichen Schleppers angebaut wird.","og_url":"https:\/\/agrol-moto.pl\/de\/produkt\/lader-inter-tech-it-1600-l\/","og_site_name":"Agrol","article_publisher":"https:\/\/www.facebook.com\/pphuagrol","article_modified_time":"2023-02-17T11:38:21+00:00","og_image":[{"width":1110,"height":740,"url":"https:\/\/agrol-moto.pl\/wp-content\/uploads\/2025\/10\/IT-1600L-1110x740.png","type":"image\/png"}],"twitter_card":"summary_large_image","schema":{"@context":"https:\/\/schema.org","@graph":[{"@type":"WebPage","@id":"https:\/\/agrol-moto.pl\/de\/produkt\/lader-inter-tech-it-1600-l\/","url":"https:\/\/agrol-moto.pl\/de\/produkt\/lader-inter-tech-it-1600-l\/","name":"Lader INTER-TECH IT 1600\/L - Agrol","isPartOf":{"@id":"https:\/\/agrol-moto.pl\/#website"},"primaryImageOfPage":{"@id":"https:\/\/agrol-moto.pl\/de\/produkt\/lader-inter-tech-it-1600-l\/#primaryimage"},"image":{"@id":"https:\/\/agrol-moto.pl\/de\/produkt\/lader-inter-tech-it-1600-l\/#primaryimage"},"thumbnailUrl":"https:\/\/agrol-moto.pl\/wp-content\/uploads\/2025\/10\/IT-1600L.png","datePublished":"2021-08-31T13:05:46+00:00","dateModified":"2023-02-17T11:38:21+00:00","description":"Ein Frontlader ist eine landwirtschaftliche Maschine, die an den Rahmen eines landwirtschaftlichen Schleppers angebaut wird.","breadcrumb":{"@id":"https:\/\/agrol-moto.pl\/de\/produkt\/lader-inter-tech-it-1600-l\/#breadcrumb"},"inLanguage":"de","potentialAction":[{"@type":"ReadAction","target":["https:\/\/agrol-moto.pl\/de\/produkt\/lader-inter-tech-it-1600-l\/"]}]},{"@type":"ImageObject","inLanguage":"de","@id":"https:\/\/agrol-moto.pl\/de\/produkt\/lader-inter-tech-it-1600-l\/#primaryimage","url":"https:\/\/agrol-moto.pl\/wp-content\/uploads\/2025\/10\/IT-1600L.png","contentUrl":"https:\/\/agrol-moto.pl\/wp-content\/uploads\/2025\/10\/IT-1600L.png","width":2048,"height":1365},{"@type":"BreadcrumbList","@id":"https:\/\/agrol-moto.pl\/de\/produkt\/lader-inter-tech-it-1600-l\/#breadcrumb","itemListElement":[{"@type":"ListItem","position":1,"name":"Strona g\u0142\u00f3wna","item":"https:\/\/agrol-moto.pl\/de\/"},{"@type":"ListItem","position":2,"name":"Produkte","item":"https:\/\/agrol-moto.pl\/de\/produkte\/"},{"@type":"ListItem","position":3,"name":"Lader INTER-TECH IT 1600\/L"}]},{"@type":"WebSite","@id":"https:\/\/agrol-moto.pl\/#website","url":"https:\/\/agrol-moto.pl\/","name":"Agrol","description":"","potentialAction":[{"@type":"SearchAction","target":{"@type":"EntryPoint","urlTemplate":"https:\/\/agrol-moto.pl\/?s={search_term_string}"},"query-input":{"@type":"PropertyValueSpecification","valueRequired":true,"valueName":"search_term_string"}}],"inLanguage":"de"}]}},"_links":{"self":[{"href":"https:\/\/agrol-moto.pl\/de\/wp-json\/wp\/v2\/product\/3405","targetHints":{"allow":["GET"]}}],"collection":[{"href":"https:\/\/agrol-moto.pl\/de\/wp-json\/wp\/v2\/product"}],"about":[{"href":"https:\/\/agrol-moto.pl\/de\/wp-json\/wp\/v2\/types\/product"}],"wp:featuredmedia":[{"embeddable":true,"href":"https:\/\/agrol-moto.pl\/de\/wp-json\/wp\/v2\/media\/11774"}],"wp:attachment":[{"href":"https:\/\/agrol-moto.pl\/de\/wp-json\/wp\/v2\/media?parent=3405"}],"wp:term":[{"taxonomy":"product_brand","embeddable":true,"href":"https:\/\/agrol-moto.pl\/de\/wp-json\/wp\/v2\/product_brand?post=3405"},{"taxonomy":"product_cat","embeddable":true,"href":"https:\/\/agrol-moto.pl\/de\/wp-json\/wp\/v2\/product_cat?post=3405"},{"taxonomy":"product_tag","embeddable":true,"href":"https:\/\/agrol-moto.pl\/de\/wp-json\/wp\/v2\/product_tag?post=3405"}],"curies":[{"name":"wp","href":"https:\/\/api.w.org\/{rel}","templated":true}]}}