{"id":3373,"date":"2021-08-31T11:59:42","date_gmt":"2021-08-31T09:59:42","guid":{"rendered":"http:\/\/agrol-moto.pl\/produkt\/anhanger-pronar-pt-510\/"},"modified":"2023-02-17T12:14:14","modified_gmt":"2023-02-17T11:14:14","slug":"anhanger-pronar-pt-510","status":"publish","type":"product","link":"https:\/\/agrol-moto.pl\/de\/produkt\/anhanger-pronar-pt-510\/","title":{"rendered":"Anh\u00e4nger PRONAR PT 510"},"content":{"rendered":"","protected":false},"excerpt":{"rendered":"<p>Diese perfekte Ausr\u00fcstung f\u00fcr schwieriges Gel\u00e4nde wird nicht nur in der Landwirtschaft, sondern auch in anderen Wirtschaftszweigen gesch\u00e4tzt. <strong> Der Palettenanh\u00e4nger TANDEM PT510 <\/strong> ist mit einem robusten Fahrgestellrahmen aus geschlossenen rechteckigen Profilen mit Drei-Wege-Kippmechanismus, einer verst\u00e4rkten Deichsel, einer hydraulischen Scherenst\u00fctze, Parabelfedern und starken Radialreifen ausgestattet.<\/p>\n","protected":false},"featured_media":13796,"template":"","meta":{"_acf_changed":false,"inline_featured_image":false},"product_brand":[],"product_cat":[244,249],"product_tag":[],"class_list":{"0":"post-3373","1":"product","2":"type-product","3":"status-publish","4":"has-post-thumbnail","6":"product_cat-anhanger","7":"product_cat-tandemanhanger","8":"pa_producent-pronar-de","10":"first","11":"instock","12":"featured","13":"taxable","14":"shipping-taxable","15":"purchasable","16":"product-type-simple"},"acf":[],"yoast_head":"<!-- This site is optimized with the Yoast SEO plugin v26.8 - https:\/\/yoast.com\/product\/yoast-seo-wordpress\/ -->\n<title>Anh\u00e4nger PRONAR PT 510 - Agrol<\/title>\n<meta name=\"robots\" content=\"index, follow, max-snippet:-1, max-image-preview:large, max-video-preview:-1\" \/>\n<link rel=\"canonical\" href=\"https:\/\/agrol-moto.pl\/de\/produkt\/anhanger-pronar-pt-510\/\" \/>\n<meta property=\"og:locale\" content=\"de_DE\" \/>\n<meta property=\"og:type\" content=\"article\" \/>\n<meta property=\"og:title\" content=\"Anh\u00e4nger PRONAR PT 510 - Agrol\" \/>\n<meta property=\"og:description\" content=\"Diese perfekte Ausr\u00fcstung f\u00fcr schwieriges Gel\u00e4nde wird nicht nur in der Landwirtschaft, sondern auch in anderen Wirtschaftszweigen gesch\u00e4tzt. Der Palettenanh\u00e4nger TANDEM PT510 ist mit einem robusten Fahrgestellrahmen aus geschlossenen rechteckigen Profilen mit Drei-Wege-Kippmechanismus, einer verst\u00e4rkten Deichsel, einer hydraulischen Scherenst\u00fctze, Parabelfedern und starken Radialreifen ausgestattet.\" \/>\n<meta property=\"og:url\" content=\"https:\/\/agrol-moto.pl\/de\/produkt\/anhanger-pronar-pt-510\/\" \/>\n<meta property=\"og:site_name\" content=\"Agrol\" \/>\n<meta property=\"article:publisher\" content=\"https:\/\/www.facebook.com\/pphuagrol\" \/>\n<meta property=\"article:modified_time\" content=\"2023-02-17T11:14:14+00:00\" \/>\n<meta property=\"og:image\" content=\"https:\/\/agrol-moto.pl\/wp-content\/uploads\/2021\/08\/Projekt-bez-tytulu66-e1735916226598.png\" \/>\n\t<meta property=\"og:image:width\" content=\"1024\" \/>\n\t<meta property=\"og:image:height\" content=\"768\" \/>\n\t<meta property=\"og:image:type\" content=\"image\/png\" \/>\n<meta name=\"twitter:card\" content=\"summary_large_image\" \/>\n<script type=\"application\/ld+json\" class=\"yoast-schema-graph\">{\"@context\":\"https:\/\/schema.org\",\"@graph\":[{\"@type\":\"WebPage\",\"@id\":\"https:\/\/agrol-moto.pl\/de\/produkt\/anhanger-pronar-pt-510\/\",\"url\":\"https:\/\/agrol-moto.pl\/de\/produkt\/anhanger-pronar-pt-510\/\",\"name\":\"Anh\u00e4nger PRONAR PT 510 - Agrol\",\"isPartOf\":{\"@id\":\"https:\/\/agrol-moto.pl\/#website\"},\"primaryImageOfPage\":{\"@id\":\"https:\/\/agrol-moto.pl\/de\/produkt\/anhanger-pronar-pt-510\/#primaryimage\"},\"image\":{\"@id\":\"https:\/\/agrol-moto.pl\/de\/produkt\/anhanger-pronar-pt-510\/#primaryimage\"},\"thumbnailUrl\":\"https:\/\/agrol-moto.pl\/wp-content\/uploads\/2026\/02\/Pronar-PT510.png\",\"datePublished\":\"2021-08-31T09:59:42+00:00\",\"dateModified\":\"2023-02-17T11:14:14+00:00\",\"breadcrumb\":{\"@id\":\"https:\/\/agrol-moto.pl\/de\/produkt\/anhanger-pronar-pt-510\/#breadcrumb\"},\"inLanguage\":\"de\",\"potentialAction\":[{\"@type\":\"ReadAction\",\"target\":[\"https:\/\/agrol-moto.pl\/de\/produkt\/anhanger-pronar-pt-510\/\"]}]},{\"@type\":\"ImageObject\",\"inLanguage\":\"de\",\"@id\":\"https:\/\/agrol-moto.pl\/de\/produkt\/anhanger-pronar-pt-510\/#primaryimage\",\"url\":\"https:\/\/agrol-moto.pl\/wp-content\/uploads\/2026\/02\/Pronar-PT510.png\",\"contentUrl\":\"https:\/\/agrol-moto.pl\/wp-content\/uploads\/2026\/02\/Pronar-PT510.png\",\"width\":887,\"height\":512},{\"@type\":\"BreadcrumbList\",\"@id\":\"https:\/\/agrol-moto.pl\/de\/produkt\/anhanger-pronar-pt-510\/#breadcrumb\",\"itemListElement\":[{\"@type\":\"ListItem\",\"position\":1,\"name\":\"Strona g\u0142\u00f3wna\",\"item\":\"https:\/\/agrol-moto.pl\/de\/\"},{\"@type\":\"ListItem\",\"position\":2,\"name\":\"Produkte\",\"item\":\"https:\/\/agrol-moto.pl\/de\/produkte\/\"},{\"@type\":\"ListItem\",\"position\":3,\"name\":\"Anh\u00e4nger PRONAR PT 510\"}]},{\"@type\":\"WebSite\",\"@id\":\"https:\/\/agrol-moto.pl\/#website\",\"url\":\"https:\/\/agrol-moto.pl\/\",\"name\":\"Agrol\",\"description\":\"\",\"potentialAction\":[{\"@type\":\"SearchAction\",\"target\":{\"@type\":\"EntryPoint\",\"urlTemplate\":\"https:\/\/agrol-moto.pl\/?s={search_term_string}\"},\"query-input\":{\"@type\":\"PropertyValueSpecification\",\"valueRequired\":true,\"valueName\":\"search_term_string\"}}],\"inLanguage\":\"de\"}]}<\/script>\n<!-- \/ Yoast SEO plugin. -->","yoast_head_json":{"title":"Anh\u00e4nger PRONAR PT 510 - Agrol","robots":{"index":"index","follow":"follow","max-snippet":"max-snippet:-1","max-image-preview":"max-image-preview:large","max-video-preview":"max-video-preview:-1"},"canonical":"https:\/\/agrol-moto.pl\/de\/produkt\/anhanger-pronar-pt-510\/","og_locale":"de_DE","og_type":"article","og_title":"Anh\u00e4nger PRONAR PT 510 - Agrol","og_description":"Diese perfekte Ausr\u00fcstung f\u00fcr schwieriges Gel\u00e4nde wird nicht nur in der Landwirtschaft, sondern auch in anderen Wirtschaftszweigen gesch\u00e4tzt. Der Palettenanh\u00e4nger TANDEM PT510 ist mit einem robusten Fahrgestellrahmen aus geschlossenen rechteckigen Profilen mit Drei-Wege-Kippmechanismus, einer verst\u00e4rkten Deichsel, einer hydraulischen Scherenst\u00fctze, Parabelfedern und starken Radialreifen ausgestattet.","og_url":"https:\/\/agrol-moto.pl\/de\/produkt\/anhanger-pronar-pt-510\/","og_site_name":"Agrol","article_publisher":"https:\/\/www.facebook.com\/pphuagrol","article_modified_time":"2023-02-17T11:14:14+00:00","og_image":[{"width":1024,"height":768,"url":"https:\/\/agrol-moto.pl\/wp-content\/uploads\/2021\/08\/Projekt-bez-tytulu66-e1735916226598.png","type":"image\/png"}],"twitter_card":"summary_large_image","schema":{"@context":"https:\/\/schema.org","@graph":[{"@type":"WebPage","@id":"https:\/\/agrol-moto.pl\/de\/produkt\/anhanger-pronar-pt-510\/","url":"https:\/\/agrol-moto.pl\/de\/produkt\/anhanger-pronar-pt-510\/","name":"Anh\u00e4nger PRONAR PT 510 - Agrol","isPartOf":{"@id":"https:\/\/agrol-moto.pl\/#website"},"primaryImageOfPage":{"@id":"https:\/\/agrol-moto.pl\/de\/produkt\/anhanger-pronar-pt-510\/#primaryimage"},"image":{"@id":"https:\/\/agrol-moto.pl\/de\/produkt\/anhanger-pronar-pt-510\/#primaryimage"},"thumbnailUrl":"https:\/\/agrol-moto.pl\/wp-content\/uploads\/2026\/02\/Pronar-PT510.png","datePublished":"2021-08-31T09:59:42+00:00","dateModified":"2023-02-17T11:14:14+00:00","breadcrumb":{"@id":"https:\/\/agrol-moto.pl\/de\/produkt\/anhanger-pronar-pt-510\/#breadcrumb"},"inLanguage":"de","potentialAction":[{"@type":"ReadAction","target":["https:\/\/agrol-moto.pl\/de\/produkt\/anhanger-pronar-pt-510\/"]}]},{"@type":"ImageObject","inLanguage":"de","@id":"https:\/\/agrol-moto.pl\/de\/produkt\/anhanger-pronar-pt-510\/#primaryimage","url":"https:\/\/agrol-moto.pl\/wp-content\/uploads\/2026\/02\/Pronar-PT510.png","contentUrl":"https:\/\/agrol-moto.pl\/wp-content\/uploads\/2026\/02\/Pronar-PT510.png","width":887,"height":512},{"@type":"BreadcrumbList","@id":"https:\/\/agrol-moto.pl\/de\/produkt\/anhanger-pronar-pt-510\/#breadcrumb","itemListElement":[{"@type":"ListItem","position":1,"name":"Strona g\u0142\u00f3wna","item":"https:\/\/agrol-moto.pl\/de\/"},{"@type":"ListItem","position":2,"name":"Produkte","item":"https:\/\/agrol-moto.pl\/de\/produkte\/"},{"@type":"ListItem","position":3,"name":"Anh\u00e4nger PRONAR PT 510"}]},{"@type":"WebSite","@id":"https:\/\/agrol-moto.pl\/#website","url":"https:\/\/agrol-moto.pl\/","name":"Agrol","description":"","potentialAction":[{"@type":"SearchAction","target":{"@type":"EntryPoint","urlTemplate":"https:\/\/agrol-moto.pl\/?s={search_term_string}"},"query-input":{"@type":"PropertyValueSpecification","valueRequired":true,"valueName":"search_term_string"}}],"inLanguage":"de"}]}},"_links":{"self":[{"href":"https:\/\/agrol-moto.pl\/de\/wp-json\/wp\/v2\/product\/3373","targetHints":{"allow":["GET"]}}],"collection":[{"href":"https:\/\/agrol-moto.pl\/de\/wp-json\/wp\/v2\/product"}],"about":[{"href":"https:\/\/agrol-moto.pl\/de\/wp-json\/wp\/v2\/types\/product"}],"wp:featuredmedia":[{"embeddable":true,"href":"https:\/\/agrol-moto.pl\/de\/wp-json\/wp\/v2\/media\/13796"}],"wp:attachment":[{"href":"https:\/\/agrol-moto.pl\/de\/wp-json\/wp\/v2\/media?parent=3373"}],"wp:term":[{"taxonomy":"product_brand","embeddable":true,"href":"https:\/\/agrol-moto.pl\/de\/wp-json\/wp\/v2\/product_brand?post=3373"},{"taxonomy":"product_cat","embeddable":true,"href":"https:\/\/agrol-moto.pl\/de\/wp-json\/wp\/v2\/product_cat?post=3373"},{"taxonomy":"product_tag","embeddable":true,"href":"https:\/\/agrol-moto.pl\/de\/wp-json\/wp\/v2\/product_tag?post=3373"}],"curies":[{"name":"wp","href":"https:\/\/api.w.org\/{rel}","templated":true}]}}