{"id":3149,"date":"2021-10-18T12:09:08","date_gmt":"2021-10-18T10:09:08","guid":{"rendered":"http:\/\/agrol-moto.pl\/ueber-das-unternehmen\/"},"modified":"2021-10-18T12:09:09","modified_gmt":"2021-10-18T10:09:09","slug":"ueber-das-unternehmen","status":"publish","type":"page","link":"https:\/\/agrol-moto.pl\/de\/ueber-das-unternehmen\/","title":{"rendered":"\u00dcber das Unternehmen"},"content":{"rendered":"\n<p>Die Firma PPHU &#8222;AGROL&#8220; Karolina Piotrowska wurde im Jahr 2009 gegr\u00fcndet, in der ersten Phase unserer T\u00e4tigkeit besch\u00e4ftigten wir uns haupts\u00e4chlich mit der landwirtschaftlichen Beratung und der Beschaffung von EU-Mitteln. Als Reaktion auf die Marktnachfrage haben wir 2011 unsere T\u00e4tigkeit auf den Verkauf von Landmaschinen mit besonderem Schwerpunkt auf Frontladern ausgeweitet.<\/p>\n\n<p>Dank einer flexiblen Herangehensweise und Erfahrung k\u00f6nnen wir unseren Kunden Waren von h\u00f6chster Qualit\u00e4t zu einem attraktiven Preis anbieten. Unser Angebot umfasst Land- und Kommunalmaschinen, haupts\u00e4chlich von einheimischen Herstellern. Wir behandeln jeden Kunden individuell, sodass Sie je nach Auftragsgr\u00f6\u00dfe Rabatte aushandeln k\u00f6nnen. Wir verkaufen in bar und in Raten und bieten Transporte im ganzen Land an.<\/p>\n\n<p>Wir setzen alles daran, dass unsere Kunden mit unseren Leistungen zufrieden sind und sich \u00fcber einen langj\u00e4hrigen Einsatz von Maschinen freuen k\u00f6nnen, die ihre Erwartungen voll und ganz erf\u00fcllen. Die beste Empfehlung und Zufriedenheit ist f\u00fcr uns eine sehr gro\u00dfe Gruppe von Kunden, die wiederkommen und weitere Eink\u00e4ufe bei uns t\u00e4tigen.<\/p>\n\n<h4 class=\"wp-block-heading\">DANKE SCH\u00d6N \ud83d\ude42<\/h4>\n\n<p><\/p>\n\n<h3 class=\"wp-block-heading\">Wir laden Landwirte, Unternehmen und Handelsvertreter ein, mit uns zusammenzuarbeiten.<\/h3>\n\n<p><\/p>\n","protected":false},"excerpt":{"rendered":"<p>Die Firma PPHU &#8222;AGROL&#8220; Karolina Piotrowska wurde im Jahr 2009 gegr\u00fcndet, in der ersten Phase unserer T\u00e4tigkeit besch\u00e4ftigten wir uns haupts\u00e4chlich mit der landwirtschaftlichen Beratung und der Beschaffung von EU-Mitteln. Als Reaktion auf die Marktnachfrage haben wir 2011 unsere T\u00e4tigkeit auf den Verkauf von Landmaschinen mit besonderem Schwerpunkt auf Frontladern ausgeweitet. Dank einer flexiblen Herangehensweise [&hellip;]<\/p>\n","protected":false},"author":1,"featured_media":2520,"parent":0,"menu_order":0,"comment_status":"closed","ping_status":"closed","template":"template-about.php","meta":{"_acf_changed":false,"inline_featured_image":false,"footnotes":""},"class_list":["post-3149","page","type-page","status-publish","has-post-thumbnail","hentry"],"acf":[],"yoast_head":"<!-- This site is optimized with the Yoast SEO plugin v26.8 - https:\/\/yoast.com\/product\/yoast-seo-wordpress\/ -->\n<title>Ackerschlepperh\u00e4ndler, Verkauf von Ackerschleppern<\/title>\n<meta name=\"robots\" content=\"index, follow, max-snippet:-1, max-image-preview:large, max-video-preview:-1\" \/>\n<link rel=\"canonical\" href=\"https:\/\/agrol-moto.pl\/de\/ueber-das-unternehmen\/\" \/>\n<meta property=\"og:locale\" content=\"de_DE\" \/>\n<meta property=\"og:type\" content=\"article\" \/>\n<meta property=\"og:title\" content=\"Ackerschlepperh\u00e4ndler, Verkauf von Ackerschleppern\" \/>\n<meta property=\"og:description\" content=\"Die Firma PPHU &#8222;AGROL&#8220; Karolina Piotrowska wurde im Jahr 2009 gegr\u00fcndet, in der ersten Phase unserer T\u00e4tigkeit besch\u00e4ftigten wir uns haupts\u00e4chlich mit der landwirtschaftlichen Beratung und der Beschaffung von EU-Mitteln. Als Reaktion auf die Marktnachfrage haben wir 2011 unsere T\u00e4tigkeit auf den Verkauf von Landmaschinen mit besonderem Schwerpunkt auf Frontladern ausgeweitet. Dank einer flexiblen Herangehensweise [&hellip;]\" \/>\n<meta property=\"og:url\" content=\"https:\/\/agrol-moto.pl\/de\/ueber-das-unternehmen\/\" \/>\n<meta property=\"og:site_name\" content=\"Agrol\" \/>\n<meta property=\"article:publisher\" content=\"https:\/\/www.facebook.com\/pphuagrol\" \/>\n<meta property=\"article:modified_time\" content=\"2021-10-18T10:09:09+00:00\" \/>\n<meta property=\"og:image\" content=\"https:\/\/agrol-moto.pl\/wp-content\/uploads\/2021\/09\/DJI_0014-scaled.jpg\" \/>\n\t<meta property=\"og:image:width\" content=\"2560\" \/>\n\t<meta property=\"og:image:height\" content=\"1920\" \/>\n\t<meta property=\"og:image:type\" content=\"image\/jpeg\" \/>\n<meta name=\"twitter:card\" content=\"summary_large_image\" \/>\n<meta name=\"twitter:label1\" content=\"Gesch\u00e4tzte Lesezeit\" \/>\n\t<meta name=\"twitter:data1\" content=\"1\u00a0Minute\" \/>\n<script type=\"application\/ld+json\" class=\"yoast-schema-graph\">{\"@context\":\"https:\/\/schema.org\",\"@graph\":[{\"@type\":\"WebPage\",\"@id\":\"https:\/\/agrol-moto.pl\/de\/ueber-das-unternehmen\/\",\"url\":\"https:\/\/agrol-moto.pl\/de\/ueber-das-unternehmen\/\",\"name\":\"Ackerschlepperh\u00e4ndler, Verkauf von Ackerschleppern\",\"isPartOf\":{\"@id\":\"https:\/\/agrol-moto.pl\/#website\"},\"primaryImageOfPage\":{\"@id\":\"https:\/\/agrol-moto.pl\/de\/ueber-das-unternehmen\/#primaryimage\"},\"image\":{\"@id\":\"https:\/\/agrol-moto.pl\/de\/ueber-das-unternehmen\/#primaryimage\"},\"thumbnailUrl\":\"https:\/\/agrol-moto.pl\/wp-content\/uploads\/2021\/09\/DJI_0014-scaled.jpg\",\"datePublished\":\"2021-10-18T10:09:08+00:00\",\"dateModified\":\"2021-10-18T10:09:09+00:00\",\"breadcrumb\":{\"@id\":\"https:\/\/agrol-moto.pl\/de\/ueber-das-unternehmen\/#breadcrumb\"},\"inLanguage\":\"de\",\"potentialAction\":[{\"@type\":\"ReadAction\",\"target\":[\"https:\/\/agrol-moto.pl\/de\/ueber-das-unternehmen\/\"]}]},{\"@type\":\"ImageObject\",\"inLanguage\":\"de\",\"@id\":\"https:\/\/agrol-moto.pl\/de\/ueber-das-unternehmen\/#primaryimage\",\"url\":\"https:\/\/agrol-moto.pl\/wp-content\/uploads\/2021\/09\/DJI_0014-scaled.jpg\",\"contentUrl\":\"https:\/\/agrol-moto.pl\/wp-content\/uploads\/2021\/09\/DJI_0014-scaled.jpg\",\"width\":2560,\"height\":1920,\"caption\":\"DCIM101MEDIADJI_0014.JPG\"},{\"@type\":\"BreadcrumbList\",\"@id\":\"https:\/\/agrol-moto.pl\/de\/ueber-das-unternehmen\/#breadcrumb\",\"itemListElement\":[{\"@type\":\"ListItem\",\"position\":1,\"name\":\"Strona g\u0142\u00f3wna\",\"item\":\"https:\/\/agrol-moto.pl\/de\/\"},{\"@type\":\"ListItem\",\"position\":2,\"name\":\"\u00dcber das Unternehmen\"}]},{\"@type\":\"WebSite\",\"@id\":\"https:\/\/agrol-moto.pl\/#website\",\"url\":\"https:\/\/agrol-moto.pl\/\",\"name\":\"Agrol\",\"description\":\"\",\"potentialAction\":[{\"@type\":\"SearchAction\",\"target\":{\"@type\":\"EntryPoint\",\"urlTemplate\":\"https:\/\/agrol-moto.pl\/?s={search_term_string}\"},\"query-input\":{\"@type\":\"PropertyValueSpecification\",\"valueRequired\":true,\"valueName\":\"search_term_string\"}}],\"inLanguage\":\"de\"}]}<\/script>\n<!-- \/ Yoast SEO plugin. -->","yoast_head_json":{"title":"Ackerschlepperh\u00e4ndler, Verkauf von Ackerschleppern","robots":{"index":"index","follow":"follow","max-snippet":"max-snippet:-1","max-image-preview":"max-image-preview:large","max-video-preview":"max-video-preview:-1"},"canonical":"https:\/\/agrol-moto.pl\/de\/ueber-das-unternehmen\/","og_locale":"de_DE","og_type":"article","og_title":"Ackerschlepperh\u00e4ndler, Verkauf von Ackerschleppern","og_description":"Die Firma PPHU &#8222;AGROL&#8220; Karolina Piotrowska wurde im Jahr 2009 gegr\u00fcndet, in der ersten Phase unserer T\u00e4tigkeit besch\u00e4ftigten wir uns haupts\u00e4chlich mit der landwirtschaftlichen Beratung und der Beschaffung von EU-Mitteln. Als Reaktion auf die Marktnachfrage haben wir 2011 unsere T\u00e4tigkeit auf den Verkauf von Landmaschinen mit besonderem Schwerpunkt auf Frontladern ausgeweitet. Dank einer flexiblen Herangehensweise [&hellip;]","og_url":"https:\/\/agrol-moto.pl\/de\/ueber-das-unternehmen\/","og_site_name":"Agrol","article_publisher":"https:\/\/www.facebook.com\/pphuagrol","article_modified_time":"2021-10-18T10:09:09+00:00","og_image":[{"width":2560,"height":1920,"url":"https:\/\/agrol-moto.pl\/wp-content\/uploads\/2021\/09\/DJI_0014-scaled.jpg","type":"image\/jpeg"}],"twitter_card":"summary_large_image","twitter_misc":{"Gesch\u00e4tzte Lesezeit":"1\u00a0Minute"},"schema":{"@context":"https:\/\/schema.org","@graph":[{"@type":"WebPage","@id":"https:\/\/agrol-moto.pl\/de\/ueber-das-unternehmen\/","url":"https:\/\/agrol-moto.pl\/de\/ueber-das-unternehmen\/","name":"Ackerschlepperh\u00e4ndler, Verkauf von Ackerschleppern","isPartOf":{"@id":"https:\/\/agrol-moto.pl\/#website"},"primaryImageOfPage":{"@id":"https:\/\/agrol-moto.pl\/de\/ueber-das-unternehmen\/#primaryimage"},"image":{"@id":"https:\/\/agrol-moto.pl\/de\/ueber-das-unternehmen\/#primaryimage"},"thumbnailUrl":"https:\/\/agrol-moto.pl\/wp-content\/uploads\/2021\/09\/DJI_0014-scaled.jpg","datePublished":"2021-10-18T10:09:08+00:00","dateModified":"2021-10-18T10:09:09+00:00","breadcrumb":{"@id":"https:\/\/agrol-moto.pl\/de\/ueber-das-unternehmen\/#breadcrumb"},"inLanguage":"de","potentialAction":[{"@type":"ReadAction","target":["https:\/\/agrol-moto.pl\/de\/ueber-das-unternehmen\/"]}]},{"@type":"ImageObject","inLanguage":"de","@id":"https:\/\/agrol-moto.pl\/de\/ueber-das-unternehmen\/#primaryimage","url":"https:\/\/agrol-moto.pl\/wp-content\/uploads\/2021\/09\/DJI_0014-scaled.jpg","contentUrl":"https:\/\/agrol-moto.pl\/wp-content\/uploads\/2021\/09\/DJI_0014-scaled.jpg","width":2560,"height":1920,"caption":"DCIM101MEDIADJI_0014.JPG"},{"@type":"BreadcrumbList","@id":"https:\/\/agrol-moto.pl\/de\/ueber-das-unternehmen\/#breadcrumb","itemListElement":[{"@type":"ListItem","position":1,"name":"Strona g\u0142\u00f3wna","item":"https:\/\/agrol-moto.pl\/de\/"},{"@type":"ListItem","position":2,"name":"\u00dcber das Unternehmen"}]},{"@type":"WebSite","@id":"https:\/\/agrol-moto.pl\/#website","url":"https:\/\/agrol-moto.pl\/","name":"Agrol","description":"","potentialAction":[{"@type":"SearchAction","target":{"@type":"EntryPoint","urlTemplate":"https:\/\/agrol-moto.pl\/?s={search_term_string}"},"query-input":{"@type":"PropertyValueSpecification","valueRequired":true,"valueName":"search_term_string"}}],"inLanguage":"de"}]}},"_links":{"self":[{"href":"https:\/\/agrol-moto.pl\/de\/wp-json\/wp\/v2\/pages\/3149","targetHints":{"allow":["GET"]}}],"collection":[{"href":"https:\/\/agrol-moto.pl\/de\/wp-json\/wp\/v2\/pages"}],"about":[{"href":"https:\/\/agrol-moto.pl\/de\/wp-json\/wp\/v2\/types\/page"}],"author":[{"embeddable":true,"href":"https:\/\/agrol-moto.pl\/de\/wp-json\/wp\/v2\/users\/1"}],"replies":[{"embeddable":true,"href":"https:\/\/agrol-moto.pl\/de\/wp-json\/wp\/v2\/comments?post=3149"}],"version-history":[{"count":1,"href":"https:\/\/agrol-moto.pl\/de\/wp-json\/wp\/v2\/pages\/3149\/revisions"}],"predecessor-version":[{"id":3150,"href":"https:\/\/agrol-moto.pl\/de\/wp-json\/wp\/v2\/pages\/3149\/revisions\/3150"}],"wp:featuredmedia":[{"embeddable":true,"href":"https:\/\/agrol-moto.pl\/de\/wp-json\/wp\/v2\/media\/2520"}],"wp:attachment":[{"href":"https:\/\/agrol-moto.pl\/de\/wp-json\/wp\/v2\/media?parent=3149"}],"curies":[{"name":"wp","href":"https:\/\/api.w.org\/{rel}","templated":true}]}}